{"id":6972,"date":"2025-06-25T16:24:30","date_gmt":"2025-06-25T08:24:30","guid":{"rendered":"https:\/\/www.excalibur-generator.com\/rolo-compactador-de-conducao-manual-dvr600h-600d\/"},"modified":"2025-06-25T16:24:30","modified_gmt":"2025-06-25T08:24:30","slug":"rolo-compactador-de-conducao-manual-dvr600h-600d","status":"publish","type":"product","link":"https:\/\/www.excalibur-generator.com\/pt-br\/rolo-compactador-de-conducao-manual-dvr600h-600d\/","title":{"rendered":"Rolo Compactador de Condu\u00e7\u00e3o Manual DVR600H\/600D"},"content":{"rendered":"<table>\n<tbody>\n<tr>\n<td>Modelo<\/td>\n<td>DVR600H<\/td>\n<td>DVR600D<\/td>\n<\/tr>\n<tr>\n<td>Marca do motor<\/td>\n<td>HONDA GX270<\/td>\n<td>S178<\/td>\n<\/tr>\n<tr>\n<td>Modelo do motor<\/td>\n<td>Gasolina e cilindro \u00fanico e vertical e quatro tempos e diesel e v\u00e1lvulas suspensas simples<\/td>\n<td>Diesel Monocil\u00edndrico Vertical Quatro Tempos Inje\u00e7\u00e3o Direta<\/td>\n<\/tr>\n<tr>\n<td>Poder<\/td>\n<td>6.7kw<\/td>\n<td>4.4kw<\/td>\n<\/tr>\n<tr>\n<td>Velocidade de rota\u00e7\u00e3o<\/td>\n<td>3600rpm<\/td>\n<td>3600rpm<\/td>\n<\/tr>\n<tr>\n<td>Capacidade de combust\u00edvel<\/td>\n<td>5.9L<\/td>\n<td>3.5L<\/td>\n<\/tr>\n<tr>\n<td>\u00d3leo lubrificante<\/td>\n<td>1.1L<\/td>\n<td>1.1L<\/td>\n<\/tr>\n<tr>\n<td>Comece<\/td>\n<td colspan=\"2\">Recuo manual\/partida el\u00e9trica<\/td>\n<\/tr>\n<tr>\n<td>Carga est\u00e1tica<\/td>\n<td colspan=\"2\">45n\/cm<\/td>\n<\/tr>\n<tr>\n<td>Frequ\u00eancia de vibra\u00e7\u00e3o<\/td>\n<td colspan=\"2\">70hz<\/td>\n<\/tr>\n<tr>\n<td>Amplitude nominal<\/td>\n<td colspan=\"2\">0.6mm<\/td>\n<\/tr>\n<tr>\n<td>For\u00e7a Emocionante<\/td>\n<td colspan=\"2\">20kn<\/td>\n<\/tr>\n<tr>\n<td>Caminho a p\u00e9<\/td>\n<td colspan=\"2\">Transmiss\u00e3o por corrente hidr\u00e1ulica bidirecional<\/td>\n<\/tr>\n<tr>\n<td>Velocidade de caminhada<\/td>\n<td colspan=\"2\">0~3.8km\/h<\/td>\n<\/tr>\n<tr>\n<td>Capacidade te\u00f3rica de escalada<\/td>\n<td colspan=\"2\">30%<\/td>\n<\/tr>\n<tr>\n<td>Capacidade do tanque hidr\u00e1ulico<\/td>\n<td colspan=\"2\">18L<\/td>\n<\/tr>\n<tr>\n<td>Capacidade do tanque de \u00e1gua<\/td>\n<td>20L<\/td>\n<td>20L<\/td>\n<\/tr>\n<tr>\n<td>Sistema de irriga\u00e7\u00e3o<\/td>\n<td>Rega por gravidade<\/td>\n<td>Rega por gravidade<\/td>\n<\/tr>\n<tr>\n<td>Tamanho da roda<\/td>\n<td colspan=\"2\">\u03c6426*600mm*2<\/td>\n<\/tr>\n<tr>\n<td>Largura total<\/td>\n<td colspan=\"2\">780mm<\/td>\n<\/tr>\n<tr>\n<td>Comprimento da m\u00e1quina (descarga da estrutura de prote\u00e7\u00e3o)<\/td>\n<td colspan=\"2\">2480mm<\/td>\n<\/tr>\n<tr>\n<td>Altura da m\u00e1quina (suporte de prote\u00e7\u00e3o ereto)<\/td>\n<td colspan=\"2\">1820mm<\/td>\n<\/tr>\n<tr>\n<td>Tamanho da embalagem<\/td>\n<td colspan=\"2\">1600*850*1900mm<\/td>\n<\/tr>\n<tr>\n<td>Peso<\/td>\n<td>540kg<\/td>\n<td>540kg<\/td>\n<\/tr>\n<\/tbody>\n<\/table>\n","protected":false},"excerpt":{"rendered":"<ul>\n<li>Motor a gasolina ou diesel, partida el\u00e9trica, for\u00e7a de excita\u00e7\u00e3o de 20 kN.<\/li>\n<li>Design de tambor duplo, vibra\u00e7\u00e3o de 70 Hz, amplitude de 0,6 mm, escalada de 30%.<\/li>\n<li>Transmiss\u00e3o hidr\u00e1ulica por corrente, largura de 780 mm, irriga\u00e7\u00e3o por gravidade, peso de 540 kg.<\/li>\n<\/ul>\n","protected":false},"featured_media":6760,"comment_status":"open","ping_status":"closed","template":"","meta":{"site-sidebar-layout":"default","site-content-layout":"","ast-site-content-layout":"default","site-content-style":"default","site-sidebar-style":"default","ast-global-header-display":"","ast-banner-title-visibility":"","ast-main-header-display":"","ast-hfb-above-header-display":"","ast-hfb-below-header-display":"","ast-hfb-mobile-header-display":"","site-post-title":"","ast-breadcrumbs-content":"","ast-featured-img":"","footer-sml-layout":"","theme-transparent-header-meta":"default","adv-header-id-meta":"","stick-header-meta":"","header-above-stick-meta":"","header-main-stick-meta":"","header-below-stick-meta":"","astra-migrate-meta-layouts":"default","ast-page-background-enabled":"default","ast-page-background-meta":{"desktop":{"background-color":"var(--ast-global-color-4)","background-image":"","background-repeat":"repeat","background-position":"center center","background-size":"auto","background-attachment":"scroll","background-type":"","background-media":"","overlay-type":"","overlay-color":"","overlay-opacity":"","overlay-gradient":""},"tablet":{"background-color":"","background-image":"","background-repeat":"repeat","background-position":"center center","background-size":"auto","background-attachment":"scroll","background-type":"","background-media":"","overlay-type":"","overlay-color":"","overlay-opacity":"","overlay-gradient":""},"mobile":{"background-color":"","background-image":"","background-repeat":"repeat","background-position":"center center","background-size":"auto","background-attachment":"scroll","background-type":"","background-media":"","overlay-type":"","overlay-color":"","overlay-opacity":"","overlay-gradient":""}},"ast-content-background-meta":{"desktop":{"background-color":"var(--ast-global-color-5)","background-image":"","background-repeat":"repeat","background-position":"center center","background-size":"auto","background-attachment":"scroll","background-type":"","background-media":"","overlay-type":"","overlay-color":"","overlay-opacity":"","overlay-gradient":""},"tablet":{"background-color":"var(--ast-global-color-5)","background-image":"","background-repeat":"repeat","background-position":"center center","background-size":"auto","background-attachment":"scroll","background-type":"","background-media":"","overlay-type":"","overlay-color":"","overlay-opacity":"","overlay-gradient":""},"mobile":{"background-color":"var(--ast-global-color-5)","background-image":"","background-repeat":"repeat","background-position":"center center","background-size":"auto","background-attachment":"scroll","background-type":"","background-media":"","overlay-type":"","overlay-color":"","overlay-opacity":"","overlay-gradient":""}}},"product_brand":[],"product_cat":[67],"product_tag":[],"class_list":{"0":"post-6972","1":"product","2":"type-product","3":"status-publish","4":"has-post-thumbnail","6":"product_cat-sem-categoria","7":"desktop-align-left","8":"tablet-align-left","9":"mobile-align-left","11":"first","12":"instock","13":"shipping-taxable","14":"product-type-simple"},"yoast_head":"<!-- This site is optimized with the Yoast SEO plugin v26.5 - https:\/\/yoast.com\/wordpress\/plugins\/seo\/ -->\n<title>Rolo Compactador de Condu\u00e7\u00e3o Manual DVR600H\/600D &#8211; Excalibur Generator<\/title>\n<meta name=\"description\" content=\"Os rolos compactadores manuais DVR600H\/600D apresentam tambores duplos, for\u00e7a centr\u00edfuga de 20 kN, capacidade de rampa de 30% e pot\u00eancia eficiente de motor Honda ou diesel.\" \/>\n<meta name=\"robots\" content=\"index, follow, max-snippet:-1, max-image-preview:large, max-video-preview:-1\" \/>\n<link rel=\"canonical\" href=\"https:\/\/www.excalibur-generator.com\/pt-br\/rolo-compactador-de-conducao-manual-dvr600h-600d\/\" \/>\n<meta name=\"twitter:label1\" content=\"Est. tempo de leitura\" \/>\n\t<meta name=\"twitter:data1\" content=\"1 minuto\" \/>\n<script type=\"application\/ld+json\" class=\"yoast-schema-graph\">{\"@context\":\"https:\/\/schema.org\",\"@graph\":[{\"@type\":\"WebPage\",\"@id\":\"https:\/\/www.excalibur-generator.com\/pt-br\/rolo-compactador-de-conducao-manual-dvr600h-600d\/\",\"url\":\"https:\/\/www.excalibur-generator.com\/pt-br\/rolo-compactador-de-conducao-manual-dvr600h-600d\/\",\"name\":\"Rolo Compactador de Condu\u00e7\u00e3o Manual DVR600H\/600D &#8211; Excalibur Generator\",\"isPartOf\":{\"@id\":\"https:\/\/www.excalibur-generator.com\/pt-br\/#website\"},\"primaryImageOfPage\":{\"@id\":\"https:\/\/www.excalibur-generator.com\/pt-br\/rolo-compactador-de-conducao-manual-dvr600h-600d\/#primaryimage\"},\"image\":{\"@id\":\"https:\/\/www.excalibur-generator.com\/pt-br\/rolo-compactador-de-conducao-manual-dvr600h-600d\/#primaryimage\"},\"thumbnailUrl\":\"https:\/\/www.excalibur-generator.com\/wp-content\/uploads\/2025\/06\/DVR60H-600D-walk-behind-road-roller.jpg\",\"datePublished\":\"2025-06-25T08:24:30+00:00\",\"description\":\"Os rolos compactadores manuais DVR600H\/600D apresentam tambores duplos, for\u00e7a centr\u00edfuga de 20 kN, capacidade de rampa de 30% e pot\u00eancia eficiente de motor Honda ou diesel.\",\"breadcrumb\":{\"@id\":\"https:\/\/www.excalibur-generator.com\/pt-br\/rolo-compactador-de-conducao-manual-dvr600h-600d\/#breadcrumb\"},\"inLanguage\":\"pt-BR\",\"potentialAction\":[{\"@type\":\"ReadAction\",\"target\":[\"https:\/\/www.excalibur-generator.com\/pt-br\/rolo-compactador-de-conducao-manual-dvr600h-600d\/\"]}]},{\"@type\":\"ImageObject\",\"inLanguage\":\"pt-BR\",\"@id\":\"https:\/\/www.excalibur-generator.com\/pt-br\/rolo-compactador-de-conducao-manual-dvr600h-600d\/#primaryimage\",\"url\":\"https:\/\/www.excalibur-generator.com\/wp-content\/uploads\/2025\/06\/DVR60H-600D-walk-behind-road-roller.jpg\",\"contentUrl\":\"https:\/\/www.excalibur-generator.com\/wp-content\/uploads\/2025\/06\/DVR60H-600D-walk-behind-road-roller.jpg\",\"width\":800,\"height\":800,\"caption\":\"Rolo compactador manual DVR60H 600D\"},{\"@type\":\"BreadcrumbList\",\"@id\":\"https:\/\/www.excalibur-generator.com\/pt-br\/rolo-compactador-de-conducao-manual-dvr600h-600d\/#breadcrumb\",\"itemListElement\":[{\"@type\":\"ListItem\",\"position\":1,\"name\":\"Home\",\"item\":\"https:\/\/www.excalibur-generator.com\/pt-br\/\"},{\"@type\":\"ListItem\",\"position\":2,\"name\":\"Produtos\",\"item\":\"https:\/\/www.excalibur-generator.com\/pt-br\/produtos.html\"},{\"@type\":\"ListItem\",\"position\":3,\"name\":\"Rolo Compactador de Condu\u00e7\u00e3o Manual DVR600H\/600D\"}]},{\"@type\":\"WebSite\",\"@id\":\"https:\/\/www.excalibur-generator.com\/pt-br\/#website\",\"url\":\"https:\/\/www.excalibur-generator.com\/pt-br\/\",\"name\":\"Excalibur Generator\",\"description\":\"\",\"publisher\":{\"@id\":\"https:\/\/www.excalibur-generator.com\/pt-br\/#organization\"},\"potentialAction\":[{\"@type\":\"SearchAction\",\"target\":{\"@type\":\"EntryPoint\",\"urlTemplate\":\"https:\/\/www.excalibur-generator.com\/pt-br\/?s={search_term_string}\"},\"query-input\":{\"@type\":\"PropertyValueSpecification\",\"valueRequired\":true,\"valueName\":\"search_term_string\"}}],\"inLanguage\":\"pt-BR\"},{\"@type\":\"Organization\",\"@id\":\"https:\/\/www.excalibur-generator.com\/pt-br\/#organization\",\"name\":\"Excalibur Generator\",\"url\":\"https:\/\/www.excalibur-generator.com\/pt-br\/\",\"logo\":{\"@type\":\"ImageObject\",\"inLanguage\":\"pt-BR\",\"@id\":\"https:\/\/www.excalibur-generator.com\/pt-br\/#\/schema\/logo\/image\/\",\"url\":\"https:\/\/www.excalibur-generator.com\/wp-content\/uploads\/2024\/05\/EXCALIBUR.png\",\"contentUrl\":\"https:\/\/www.excalibur-generator.com\/wp-content\/uploads\/2024\/05\/EXCALIBUR.png\",\"width\":350,\"height\":79,\"caption\":\"Excalibur Generator\"},\"image\":{\"@id\":\"https:\/\/www.excalibur-generator.com\/pt-br\/#\/schema\/logo\/image\/\"}}]}<\/script>\n<!-- \/ Yoast SEO plugin. -->","yoast_head_json":{"title":"Rolo Compactador de Condu\u00e7\u00e3o Manual DVR600H\/600D &#8211; Excalibur Generator","description":"Os rolos compactadores manuais DVR600H\/600D apresentam tambores duplos, for\u00e7a centr\u00edfuga de 20 kN, capacidade de rampa de 30% e pot\u00eancia eficiente de motor Honda ou diesel.","robots":{"index":"index","follow":"follow","max-snippet":"max-snippet:-1","max-image-preview":"max-image-preview:large","max-video-preview":"max-video-preview:-1"},"canonical":"https:\/\/www.excalibur-generator.com\/pt-br\/rolo-compactador-de-conducao-manual-dvr600h-600d\/","twitter_misc":{"Est. tempo de leitura":"1 minuto"},"schema":{"@context":"https:\/\/schema.org","@graph":[{"@type":"WebPage","@id":"https:\/\/www.excalibur-generator.com\/pt-br\/rolo-compactador-de-conducao-manual-dvr600h-600d\/","url":"https:\/\/www.excalibur-generator.com\/pt-br\/rolo-compactador-de-conducao-manual-dvr600h-600d\/","name":"Rolo Compactador de Condu\u00e7\u00e3o Manual DVR600H\/600D &#8211; Excalibur Generator","isPartOf":{"@id":"https:\/\/www.excalibur-generator.com\/pt-br\/#website"},"primaryImageOfPage":{"@id":"https:\/\/www.excalibur-generator.com\/pt-br\/rolo-compactador-de-conducao-manual-dvr600h-600d\/#primaryimage"},"image":{"@id":"https:\/\/www.excalibur-generator.com\/pt-br\/rolo-compactador-de-conducao-manual-dvr600h-600d\/#primaryimage"},"thumbnailUrl":"https:\/\/www.excalibur-generator.com\/wp-content\/uploads\/2025\/06\/DVR60H-600D-walk-behind-road-roller.jpg","datePublished":"2025-06-25T08:24:30+00:00","description":"Os rolos compactadores manuais DVR600H\/600D apresentam tambores duplos, for\u00e7a centr\u00edfuga de 20 kN, capacidade de rampa de 30% e pot\u00eancia eficiente de motor Honda ou diesel.","breadcrumb":{"@id":"https:\/\/www.excalibur-generator.com\/pt-br\/rolo-compactador-de-conducao-manual-dvr600h-600d\/#breadcrumb"},"inLanguage":"pt-BR","potentialAction":[{"@type":"ReadAction","target":["https:\/\/www.excalibur-generator.com\/pt-br\/rolo-compactador-de-conducao-manual-dvr600h-600d\/"]}]},{"@type":"ImageObject","inLanguage":"pt-BR","@id":"https:\/\/www.excalibur-generator.com\/pt-br\/rolo-compactador-de-conducao-manual-dvr600h-600d\/#primaryimage","url":"https:\/\/www.excalibur-generator.com\/wp-content\/uploads\/2025\/06\/DVR60H-600D-walk-behind-road-roller.jpg","contentUrl":"https:\/\/www.excalibur-generator.com\/wp-content\/uploads\/2025\/06\/DVR60H-600D-walk-behind-road-roller.jpg","width":800,"height":800,"caption":"Rolo compactador manual DVR60H 600D"},{"@type":"BreadcrumbList","@id":"https:\/\/www.excalibur-generator.com\/pt-br\/rolo-compactador-de-conducao-manual-dvr600h-600d\/#breadcrumb","itemListElement":[{"@type":"ListItem","position":1,"name":"Home","item":"https:\/\/www.excalibur-generator.com\/pt-br\/"},{"@type":"ListItem","position":2,"name":"Produtos","item":"https:\/\/www.excalibur-generator.com\/pt-br\/produtos.html"},{"@type":"ListItem","position":3,"name":"Rolo Compactador de Condu\u00e7\u00e3o Manual DVR600H\/600D"}]},{"@type":"WebSite","@id":"https:\/\/www.excalibur-generator.com\/pt-br\/#website","url":"https:\/\/www.excalibur-generator.com\/pt-br\/","name":"Excalibur Generator","description":"","publisher":{"@id":"https:\/\/www.excalibur-generator.com\/pt-br\/#organization"},"potentialAction":[{"@type":"SearchAction","target":{"@type":"EntryPoint","urlTemplate":"https:\/\/www.excalibur-generator.com\/pt-br\/?s={search_term_string}"},"query-input":{"@type":"PropertyValueSpecification","valueRequired":true,"valueName":"search_term_string"}}],"inLanguage":"pt-BR"},{"@type":"Organization","@id":"https:\/\/www.excalibur-generator.com\/pt-br\/#organization","name":"Excalibur Generator","url":"https:\/\/www.excalibur-generator.com\/pt-br\/","logo":{"@type":"ImageObject","inLanguage":"pt-BR","@id":"https:\/\/www.excalibur-generator.com\/pt-br\/#\/schema\/logo\/image\/","url":"https:\/\/www.excalibur-generator.com\/wp-content\/uploads\/2024\/05\/EXCALIBUR.png","contentUrl":"https:\/\/www.excalibur-generator.com\/wp-content\/uploads\/2024\/05\/EXCALIBUR.png","width":350,"height":79,"caption":"Excalibur Generator"},"image":{"@id":"https:\/\/www.excalibur-generator.com\/pt-br\/#\/schema\/logo\/image\/"}}]}},"_links":{"self":[{"href":"https:\/\/www.excalibur-generator.com\/pt-br\/wp-json\/wp\/v2\/product\/6972","targetHints":{"allow":["GET"]}}],"collection":[{"href":"https:\/\/www.excalibur-generator.com\/pt-br\/wp-json\/wp\/v2\/product"}],"about":[{"href":"https:\/\/www.excalibur-generator.com\/pt-br\/wp-json\/wp\/v2\/types\/product"}],"replies":[{"embeddable":true,"href":"https:\/\/www.excalibur-generator.com\/pt-br\/wp-json\/wp\/v2\/comments?post=6972"}],"wp:featuredmedia":[{"embeddable":true,"href":"https:\/\/www.excalibur-generator.com\/pt-br\/wp-json\/wp\/v2\/media\/6760"}],"wp:attachment":[{"href":"https:\/\/www.excalibur-generator.com\/pt-br\/wp-json\/wp\/v2\/media?parent=6972"}],"wp:term":[{"taxonomy":"product_brand","embeddable":true,"href":"https:\/\/www.excalibur-generator.com\/pt-br\/wp-json\/wp\/v2\/product_brand?post=6972"},{"taxonomy":"product_cat","embeddable":true,"href":"https:\/\/www.excalibur-generator.com\/pt-br\/wp-json\/wp\/v2\/product_cat?post=6972"},{"taxonomy":"product_tag","embeddable":true,"href":"https:\/\/www.excalibur-generator.com\/pt-br\/wp-json\/wp\/v2\/product_tag?post=6972"}],"curies":[{"name":"wp","href":"https:\/\/api.w.org\/{rel}","templated":true}]}}