{"id":6975,"date":"2025-06-25T15:13:26","date_gmt":"2025-06-25T07:13:26","guid":{"rendered":"https:\/\/www.excalibur-generator.com\/regua-vibratoria-manual\/"},"modified":"2025-06-25T15:13:26","modified_gmt":"2025-06-25T07:13:26","slug":"regua-vibratoria-manual","status":"publish","type":"product","link":"https:\/\/www.excalibur-generator.com\/pt-br\/regua-vibratoria-manual\/","title":{"rendered":"Regua vibratoria manual"},"content":{"rendered":"<h2>Estrutura do produto<\/h2>\n<table>\n<tbody>\n<tr>\n<td width=\"284\"><img fetchpriority=\"high\" decoding=\"async\" class=\"alignnone wp-image-6741 size-full\" src=\"https:\/\/www.excalibur-generator.com\/wp-content\/uploads\/2025\/06\/manual-screed-2.webp\" alt=\"Alisador de concreto manual\" width=\"600\" height=\"600\" srcset=\"https:\/\/www.excalibur-generator.com\/wp-content\/uploads\/2025\/06\/manual-screed-2.webp 600w, https:\/\/www.excalibur-generator.com\/wp-content\/uploads\/2025\/06\/manual-screed-2-300x300.webp 300w, https:\/\/www.excalibur-generator.com\/wp-content\/uploads\/2025\/06\/manual-screed-2-150x150.webp 150w, https:\/\/www.excalibur-generator.com\/wp-content\/uploads\/2025\/06\/manual-screed-2-100x100.webp 100w\" sizes=\"(max-width: 600px) 100vw, 600px\" \/><\/td>\n<td width=\"284\">\n<ol>\n<li>Cabo de borracha antiderrapante<\/li>\n<li>Corrim\u00e3o de a\u00e7o inoxid\u00e1vel<\/li>\n<li>O comprimento do cabo pode ser ajustado de forma flex\u00edvel de 1,2 m a 2 m<\/li>\n<li>Rota\u00e7\u00e3o de 360\u00b0 da al\u00e7a<\/li>\n<li>O raspador \u00e9 feito de a\u00e7o inoxid\u00e1vel<\/li>\n<\/ol>\n<\/td>\n<\/tr>\n<\/tbody>\n<\/table>\n<h2>Par\u00e2metros do produto<\/h2>\n<table>\n<tbody>\n<tr>\n<td>COMPRIMENTO DA L\u00c2MINA<\/td>\n<td>MATERIAL DA L\u00c2MINA<\/td>\n<td>LARGURA DA L\u00c2MINA<\/td>\n<td>G.W<\/td>\n<\/tr>\n<tr>\n<td>80CM<\/td>\n<td>A\u00e7o inoxid\u00e1vel<\/td>\n<td>10CM<\/td>\n<td>2.6KGS<\/td>\n<\/tr>\n<\/tbody>\n<\/table>\n","protected":false},"excerpt":{"rendered":"<ul>\n<li>L\u00e2mina de a\u00e7o inoxid\u00e1vel de 80 cm garante um acabamento de concreto suave e uniforme.<\/li>\n<li>A largura da l\u00e2mina de 10 cm permite um nivelamento preciso em \u00e1reas estreitas.<\/li>\n<li>Leve, com 2,6 kg, para f\u00e1cil controle e nivelamento manual.<\/li>\n<\/ul>\n","protected":false},"featured_media":6738,"comment_status":"open","ping_status":"closed","template":"","meta":{"site-sidebar-layout":"default","site-content-layout":"","ast-site-content-layout":"default","site-content-style":"default","site-sidebar-style":"default","ast-global-header-display":"","ast-banner-title-visibility":"","ast-main-header-display":"","ast-hfb-above-header-display":"","ast-hfb-below-header-display":"","ast-hfb-mobile-header-display":"","site-post-title":"","ast-breadcrumbs-content":"","ast-featured-img":"","footer-sml-layout":"","theme-transparent-header-meta":"default","adv-header-id-meta":"","stick-header-meta":"","header-above-stick-meta":"","header-main-stick-meta":"","header-below-stick-meta":"","astra-migrate-meta-layouts":"default","ast-page-background-enabled":"default","ast-page-background-meta":{"desktop":{"background-color":"var(--ast-global-color-4)","background-image":"","background-repeat":"repeat","background-position":"center center","background-size":"auto","background-attachment":"scroll","background-type":"","background-media":"","overlay-type":"","overlay-color":"","overlay-opacity":"","overlay-gradient":""},"tablet":{"background-color":"","background-image":"","background-repeat":"repeat","background-position":"center center","background-size":"auto","background-attachment":"scroll","background-type":"","background-media":"","overlay-type":"","overlay-color":"","overlay-opacity":"","overlay-gradient":""},"mobile":{"background-color":"","background-image":"","background-repeat":"repeat","background-position":"center center","background-size":"auto","background-attachment":"scroll","background-type":"","background-media":"","overlay-type":"","overlay-color":"","overlay-opacity":"","overlay-gradient":""}},"ast-content-background-meta":{"desktop":{"background-color":"var(--ast-global-color-5)","background-image":"","background-repeat":"repeat","background-position":"center center","background-size":"auto","background-attachment":"scroll","background-type":"","background-media":"","overlay-type":"","overlay-color":"","overlay-opacity":"","overlay-gradient":""},"tablet":{"background-color":"var(--ast-global-color-5)","background-image":"","background-repeat":"repeat","background-position":"center center","background-size":"auto","background-attachment":"scroll","background-type":"","background-media":"","overlay-type":"","overlay-color":"","overlay-opacity":"","overlay-gradient":""},"mobile":{"background-color":"var(--ast-global-color-5)","background-image":"","background-repeat":"repeat","background-position":"center center","background-size":"auto","background-attachment":"scroll","background-type":"","background-media":"","overlay-type":"","overlay-color":"","overlay-opacity":"","overlay-gradient":""}}},"product_brand":[],"product_cat":[67],"product_tag":[],"class_list":{"0":"post-6975","1":"product","2":"type-product","3":"status-publish","4":"has-post-thumbnail","6":"product_cat-sem-categoria","7":"desktop-align-left","8":"tablet-align-left","9":"mobile-align-left","11":"first","12":"instock","13":"shipping-taxable","14":"product-type-simple"},"yoast_head":"<!-- This site is optimized with the Yoast SEO plugin v26.5 - https:\/\/yoast.com\/wordpress\/plugins\/seo\/ -->\n<title>Regua vibratoria manual &#8211; Excalibur Generator<\/title>\n<meta name=\"description\" content=\"R\u00e9gua manual com l\u00e2mina de a\u00e7o inoxid\u00e1vel de 80 cm e 10 cm de largura, garante um nivelamento suave do concreto. Design leve com 2,6 kg para f\u00e1cil manuseio.\" \/>\n<meta name=\"robots\" content=\"index, follow, max-snippet:-1, max-image-preview:large, max-video-preview:-1\" \/>\n<link rel=\"canonical\" href=\"https:\/\/www.excalibur-generator.com\/pt-br\/regua-vibratoria-manual\/\" \/>\n<script type=\"application\/ld+json\" class=\"yoast-schema-graph\">{\"@context\":\"https:\/\/schema.org\",\"@graph\":[{\"@type\":\"WebPage\",\"@id\":\"https:\/\/www.excalibur-generator.com\/pt-br\/regua-vibratoria-manual\/\",\"url\":\"https:\/\/www.excalibur-generator.com\/pt-br\/regua-vibratoria-manual\/\",\"name\":\"Regua vibratoria manual &#8211; Excalibur Generator\",\"isPartOf\":{\"@id\":\"https:\/\/www.excalibur-generator.com\/pt-br\/#website\"},\"primaryImageOfPage\":{\"@id\":\"https:\/\/www.excalibur-generator.com\/pt-br\/regua-vibratoria-manual\/#primaryimage\"},\"image\":{\"@id\":\"https:\/\/www.excalibur-generator.com\/pt-br\/regua-vibratoria-manual\/#primaryimage\"},\"thumbnailUrl\":\"https:\/\/www.excalibur-generator.com\/wp-content\/uploads\/2025\/06\/Manual-Screed-1.webp\",\"datePublished\":\"2025-06-25T07:13:26+00:00\",\"description\":\"R\u00e9gua manual com l\u00e2mina de a\u00e7o inoxid\u00e1vel de 80 cm e 10 cm de largura, garante um nivelamento suave do concreto. Design leve com 2,6 kg para f\u00e1cil manuseio.\",\"breadcrumb\":{\"@id\":\"https:\/\/www.excalibur-generator.com\/pt-br\/regua-vibratoria-manual\/#breadcrumb\"},\"inLanguage\":\"pt-BR\",\"potentialAction\":[{\"@type\":\"ReadAction\",\"target\":[\"https:\/\/www.excalibur-generator.com\/pt-br\/regua-vibratoria-manual\/\"]}]},{\"@type\":\"ImageObject\",\"inLanguage\":\"pt-BR\",\"@id\":\"https:\/\/www.excalibur-generator.com\/pt-br\/regua-vibratoria-manual\/#primaryimage\",\"url\":\"https:\/\/www.excalibur-generator.com\/wp-content\/uploads\/2025\/06\/Manual-Screed-1.webp\",\"contentUrl\":\"https:\/\/www.excalibur-generator.com\/wp-content\/uploads\/2025\/06\/Manual-Screed-1.webp\",\"width\":800,\"height\":800,\"caption\":\"R\u00e9gua manual\"},{\"@type\":\"BreadcrumbList\",\"@id\":\"https:\/\/www.excalibur-generator.com\/pt-br\/regua-vibratoria-manual\/#breadcrumb\",\"itemListElement\":[{\"@type\":\"ListItem\",\"position\":1,\"name\":\"Home\",\"item\":\"https:\/\/www.excalibur-generator.com\/pt-br\/\"},{\"@type\":\"ListItem\",\"position\":2,\"name\":\"Produtos\",\"item\":\"https:\/\/www.excalibur-generator.com\/pt-br\/produtos.html\"},{\"@type\":\"ListItem\",\"position\":3,\"name\":\"Regua vibratoria manual\"}]},{\"@type\":\"WebSite\",\"@id\":\"https:\/\/www.excalibur-generator.com\/pt-br\/#website\",\"url\":\"https:\/\/www.excalibur-generator.com\/pt-br\/\",\"name\":\"Excalibur Generator\",\"description\":\"\",\"publisher\":{\"@id\":\"https:\/\/www.excalibur-generator.com\/pt-br\/#organization\"},\"potentialAction\":[{\"@type\":\"SearchAction\",\"target\":{\"@type\":\"EntryPoint\",\"urlTemplate\":\"https:\/\/www.excalibur-generator.com\/pt-br\/?s={search_term_string}\"},\"query-input\":{\"@type\":\"PropertyValueSpecification\",\"valueRequired\":true,\"valueName\":\"search_term_string\"}}],\"inLanguage\":\"pt-BR\"},{\"@type\":\"Organization\",\"@id\":\"https:\/\/www.excalibur-generator.com\/pt-br\/#organization\",\"name\":\"Excalibur Generator\",\"url\":\"https:\/\/www.excalibur-generator.com\/pt-br\/\",\"logo\":{\"@type\":\"ImageObject\",\"inLanguage\":\"pt-BR\",\"@id\":\"https:\/\/www.excalibur-generator.com\/pt-br\/#\/schema\/logo\/image\/\",\"url\":\"https:\/\/www.excalibur-generator.com\/wp-content\/uploads\/2024\/05\/EXCALIBUR.png\",\"contentUrl\":\"https:\/\/www.excalibur-generator.com\/wp-content\/uploads\/2024\/05\/EXCALIBUR.png\",\"width\":350,\"height\":79,\"caption\":\"Excalibur Generator\"},\"image\":{\"@id\":\"https:\/\/www.excalibur-generator.com\/pt-br\/#\/schema\/logo\/image\/\"}}]}<\/script>\n<!-- \/ Yoast SEO plugin. -->","yoast_head_json":{"title":"Regua vibratoria manual &#8211; Excalibur Generator","description":"R\u00e9gua manual com l\u00e2mina de a\u00e7o inoxid\u00e1vel de 80 cm e 10 cm de largura, garante um nivelamento suave do concreto. Design leve com 2,6 kg para f\u00e1cil manuseio.","robots":{"index":"index","follow":"follow","max-snippet":"max-snippet:-1","max-image-preview":"max-image-preview:large","max-video-preview":"max-video-preview:-1"},"canonical":"https:\/\/www.excalibur-generator.com\/pt-br\/regua-vibratoria-manual\/","schema":{"@context":"https:\/\/schema.org","@graph":[{"@type":"WebPage","@id":"https:\/\/www.excalibur-generator.com\/pt-br\/regua-vibratoria-manual\/","url":"https:\/\/www.excalibur-generator.com\/pt-br\/regua-vibratoria-manual\/","name":"Regua vibratoria manual &#8211; Excalibur Generator","isPartOf":{"@id":"https:\/\/www.excalibur-generator.com\/pt-br\/#website"},"primaryImageOfPage":{"@id":"https:\/\/www.excalibur-generator.com\/pt-br\/regua-vibratoria-manual\/#primaryimage"},"image":{"@id":"https:\/\/www.excalibur-generator.com\/pt-br\/regua-vibratoria-manual\/#primaryimage"},"thumbnailUrl":"https:\/\/www.excalibur-generator.com\/wp-content\/uploads\/2025\/06\/Manual-Screed-1.webp","datePublished":"2025-06-25T07:13:26+00:00","description":"R\u00e9gua manual com l\u00e2mina de a\u00e7o inoxid\u00e1vel de 80 cm e 10 cm de largura, garante um nivelamento suave do concreto. Design leve com 2,6 kg para f\u00e1cil manuseio.","breadcrumb":{"@id":"https:\/\/www.excalibur-generator.com\/pt-br\/regua-vibratoria-manual\/#breadcrumb"},"inLanguage":"pt-BR","potentialAction":[{"@type":"ReadAction","target":["https:\/\/www.excalibur-generator.com\/pt-br\/regua-vibratoria-manual\/"]}]},{"@type":"ImageObject","inLanguage":"pt-BR","@id":"https:\/\/www.excalibur-generator.com\/pt-br\/regua-vibratoria-manual\/#primaryimage","url":"https:\/\/www.excalibur-generator.com\/wp-content\/uploads\/2025\/06\/Manual-Screed-1.webp","contentUrl":"https:\/\/www.excalibur-generator.com\/wp-content\/uploads\/2025\/06\/Manual-Screed-1.webp","width":800,"height":800,"caption":"R\u00e9gua manual"},{"@type":"BreadcrumbList","@id":"https:\/\/www.excalibur-generator.com\/pt-br\/regua-vibratoria-manual\/#breadcrumb","itemListElement":[{"@type":"ListItem","position":1,"name":"Home","item":"https:\/\/www.excalibur-generator.com\/pt-br\/"},{"@type":"ListItem","position":2,"name":"Produtos","item":"https:\/\/www.excalibur-generator.com\/pt-br\/produtos.html"},{"@type":"ListItem","position":3,"name":"Regua vibratoria manual"}]},{"@type":"WebSite","@id":"https:\/\/www.excalibur-generator.com\/pt-br\/#website","url":"https:\/\/www.excalibur-generator.com\/pt-br\/","name":"Excalibur Generator","description":"","publisher":{"@id":"https:\/\/www.excalibur-generator.com\/pt-br\/#organization"},"potentialAction":[{"@type":"SearchAction","target":{"@type":"EntryPoint","urlTemplate":"https:\/\/www.excalibur-generator.com\/pt-br\/?s={search_term_string}"},"query-input":{"@type":"PropertyValueSpecification","valueRequired":true,"valueName":"search_term_string"}}],"inLanguage":"pt-BR"},{"@type":"Organization","@id":"https:\/\/www.excalibur-generator.com\/pt-br\/#organization","name":"Excalibur Generator","url":"https:\/\/www.excalibur-generator.com\/pt-br\/","logo":{"@type":"ImageObject","inLanguage":"pt-BR","@id":"https:\/\/www.excalibur-generator.com\/pt-br\/#\/schema\/logo\/image\/","url":"https:\/\/www.excalibur-generator.com\/wp-content\/uploads\/2024\/05\/EXCALIBUR.png","contentUrl":"https:\/\/www.excalibur-generator.com\/wp-content\/uploads\/2024\/05\/EXCALIBUR.png","width":350,"height":79,"caption":"Excalibur Generator"},"image":{"@id":"https:\/\/www.excalibur-generator.com\/pt-br\/#\/schema\/logo\/image\/"}}]}},"_links":{"self":[{"href":"https:\/\/www.excalibur-generator.com\/pt-br\/wp-json\/wp\/v2\/product\/6975","targetHints":{"allow":["GET"]}}],"collection":[{"href":"https:\/\/www.excalibur-generator.com\/pt-br\/wp-json\/wp\/v2\/product"}],"about":[{"href":"https:\/\/www.excalibur-generator.com\/pt-br\/wp-json\/wp\/v2\/types\/product"}],"replies":[{"embeddable":true,"href":"https:\/\/www.excalibur-generator.com\/pt-br\/wp-json\/wp\/v2\/comments?post=6975"}],"wp:featuredmedia":[{"embeddable":true,"href":"https:\/\/www.excalibur-generator.com\/pt-br\/wp-json\/wp\/v2\/media\/6738"}],"wp:attachment":[{"href":"https:\/\/www.excalibur-generator.com\/pt-br\/wp-json\/wp\/v2\/media?parent=6975"}],"wp:term":[{"taxonomy":"product_brand","embeddable":true,"href":"https:\/\/www.excalibur-generator.com\/pt-br\/wp-json\/wp\/v2\/product_brand?post=6975"},{"taxonomy":"product_cat","embeddable":true,"href":"https:\/\/www.excalibur-generator.com\/pt-br\/wp-json\/wp\/v2\/product_cat?post=6975"},{"taxonomy":"product_tag","embeddable":true,"href":"https:\/\/www.excalibur-generator.com\/pt-br\/wp-json\/wp\/v2\/product_tag?post=6975"}],"curies":[{"name":"wp","href":"https:\/\/api.w.org\/{rel}","templated":true}]}}