{"id":6980,"date":"2025-06-25T13:36:20","date_gmt":"2025-06-25T05:36:20","guid":{"rendered":"https:\/\/www.excalibur-generator.com\/betoneira-rebocavel-sm-260-350-400-450-500\/"},"modified":"2025-06-25T13:36:20","modified_gmt":"2025-06-25T05:36:20","slug":"betoneira-rebocavel-sm-260-350-400-450-500","status":"publish","type":"product","link":"https:\/\/www.excalibur-generator.com\/pt-br\/betoneira-rebocavel-sm-260-350-400-450-500\/","title":{"rendered":"Betoneira Reboc\u00e1vel SM 260\/350\/400\/450\/500"},"content":{"rendered":"<h2>Estrutura do produto<\/h2>\n<table>\n<tbody>\n<tr>\n<td width=\"284\"><img fetchpriority=\"high\" decoding=\"async\" class=\"alignnone size-full wp-image-6708\" src=\"https:\/\/www.excalibur-generator.com\/wp-content\/uploads\/2025\/06\/towable-concrete-mixer-structure.webp\" alt=\"Estrutura reboc\u00e1vel de betoneira\" width=\"600\" height=\"600\" srcset=\"https:\/\/www.excalibur-generator.com\/wp-content\/uploads\/2025\/06\/towable-concrete-mixer-structure.webp 600w, https:\/\/www.excalibur-generator.com\/wp-content\/uploads\/2025\/06\/towable-concrete-mixer-structure-300x300.webp 300w, https:\/\/www.excalibur-generator.com\/wp-content\/uploads\/2025\/06\/towable-concrete-mixer-structure-150x150.webp 150w, https:\/\/www.excalibur-generator.com\/wp-content\/uploads\/2025\/06\/towable-concrete-mixer-structure-100x100.webp 100w\" sizes=\"(max-width: 600px) 100vw, 600px\" \/><\/td>\n<td width=\"284\">\n<ol>\n<li>A capacidade de 260 L-500 L \u00e9 ideal para projetos de pequeno e m\u00e9dio porte.<\/li>\n<li>Tambor e estrutura com revestimento em p\u00f3 aumentam a resist\u00eancia, a durabilidade e a resist\u00eancia \u00e0 corros\u00e3o.<\/li>\n<li>Engrenagem anelar de ferro fundido de pe\u00e7a \u00fanica garante durabilidade e vida \u00fatil prolongada.<\/li>\n<li>Aceita motores diesel Honda GX200, Robin EY20 e 178F.<\/li>\n<li>Rodas grandes de 17 polegadas<\/li>\n<li>O design da al\u00e7a reboc\u00e1vel permite o transporte r\u00e1pido e f\u00e1cil da unidade.<\/li>\n<\/ol>\n<\/td>\n<\/tr>\n<\/tbody>\n<\/table>\n<h2>Par\u00e2metros do produto<\/h2>\n<table>\n<tbody>\n<tr>\n<td>Modelo<\/td>\n<td colspan=\"3\">SM260\/SM350<\/td>\n<td colspan=\"3\">SM400\/SM450<\/td>\n<td>SM500<\/td>\n<\/tr>\n<tr>\n<td>Modelo do motor<\/td>\n<td>S178F<\/td>\n<td>GX200<\/td>\n<td>Motor el\u00e9trico<\/td>\n<td>S178F<\/td>\n<td>GX200<\/td>\n<td>Motor el\u00e9trico<\/td>\n<td>S186FA<\/td>\n<\/tr>\n<tr>\n<td>Pot\u00eancia nominal de sa\u00edda KW(HP)<\/td>\n<td>4.9(6.6)<\/td>\n<td>4.9(6.5)<\/td>\n<td>2.2(3)<\/td>\n<td>4.9(6.6)<\/td>\n<td>4.9(6.5)<\/td>\n<td>2.2(3)<\/td>\n<td>7.3(9.9)500<\/td>\n<\/tr>\n<tr>\n<td>Volume do tambor (L)<\/td>\n<td><\/td>\n<td>260\/350<\/td>\n<td><\/td>\n<td><\/td>\n<td>400\/450<\/td>\n<td><\/td>\n<td>500<\/td>\n<\/tr>\n<tr>\n<td>Produtividade (m\u00b3\/h)<\/td>\n<td><\/td>\n<td>6-10\/10-14<\/td>\n<td><\/td>\n<td><\/td>\n<td>14-18\/16-20<\/td>\n<td><\/td>\n<td>18-22<\/td>\n<\/tr>\n<tr>\n<td>N\u00famero de rodas<\/td>\n<td><\/td>\n<td>214<\/td>\n<td><\/td>\n<td><\/td>\n<td>2\/4<\/td>\n<td><\/td>\n<td>2\/4<\/td>\n<\/tr>\n<tr>\n<td>Velocidade do tambor de mistura (r\/min)<\/td>\n<td><\/td>\n<td>30<\/td>\n<td><\/td>\n<td><\/td>\n<td>30<\/td>\n<td><\/td>\n<td>30<\/td>\n<\/tr>\n<tr>\n<td>Sistema de partida<\/td>\n<td colspan=\"7\">Partida manual\/el\u00e9trica<\/td>\n<\/tr>\n<tr>\n<td>Condu\u00e7\u00e3o<\/td>\n<td><\/td>\n<td>Empurr\u00e3o manual<\/td>\n<td><\/td>\n<td><\/td>\n<td>Empurr\u00e3o manual<\/td>\n<td><\/td>\n<td>Empurr\u00e3o manual<\/td>\n<\/tr>\n<tr>\n<td>Tamanho da embalagem (C*L*A) mm<\/td>\n<td><\/td>\n<td>1950*880*1125<\/td>\n<td><\/td>\n<td><\/td>\n<td>1950*880*1225<\/td>\n<td><\/td>\n<td>1950*880*1225<\/td>\n<\/tr>\n<tr>\n<td>Peso l\u00edquido (KG)<\/td>\n<td><\/td>\n<td>280\/330<\/td>\n<td><\/td>\n<td><\/td>\n<td>350\/370<\/td>\n<td><\/td>\n<td>390<\/td>\n<\/tr>\n<\/tbody>\n<\/table>\n","protected":false},"excerpt":{"rendered":"<ul>\n<li>Op\u00e7\u00f5es de volume do tambor: 260 L ou 500 L para flexibilidade.<\/li>\n<li>Sa\u00edda de 6\u201320 m\u00b3\/h, ideal para projetos pequenos e m\u00e9dios.<\/li>\n<li>Op\u00e7\u00f5es de partida com motor el\u00e9trico, diesel ou gasolina inclu\u00eddas.<\/li>\n<\/ul>\n","protected":false},"featured_media":6698,"comment_status":"open","ping_status":"closed","template":"","meta":{"site-sidebar-layout":"default","site-content-layout":"","ast-site-content-layout":"default","site-content-style":"default","site-sidebar-style":"default","ast-global-header-display":"","ast-banner-title-visibility":"","ast-main-header-display":"","ast-hfb-above-header-display":"","ast-hfb-below-header-display":"","ast-hfb-mobile-header-display":"","site-post-title":"","ast-breadcrumbs-content":"","ast-featured-img":"","footer-sml-layout":"","theme-transparent-header-meta":"default","adv-header-id-meta":"","stick-header-meta":"","header-above-stick-meta":"","header-main-stick-meta":"","header-below-stick-meta":"","astra-migrate-meta-layouts":"default","ast-page-background-enabled":"default","ast-page-background-meta":{"desktop":{"background-color":"var(--ast-global-color-4)","background-image":"","background-repeat":"repeat","background-position":"center center","background-size":"auto","background-attachment":"scroll","background-type":"","background-media":"","overlay-type":"","overlay-color":"","overlay-opacity":"","overlay-gradient":""},"tablet":{"background-color":"","background-image":"","background-repeat":"repeat","background-position":"center center","background-size":"auto","background-attachment":"scroll","background-type":"","background-media":"","overlay-type":"","overlay-color":"","overlay-opacity":"","overlay-gradient":""},"mobile":{"background-color":"","background-image":"","background-repeat":"repeat","background-position":"center center","background-size":"auto","background-attachment":"scroll","background-type":"","background-media":"","overlay-type":"","overlay-color":"","overlay-opacity":"","overlay-gradient":""}},"ast-content-background-meta":{"desktop":{"background-color":"var(--ast-global-color-5)","background-image":"","background-repeat":"repeat","background-position":"center center","background-size":"auto","background-attachment":"scroll","background-type":"","background-media":"","overlay-type":"","overlay-color":"","overlay-opacity":"","overlay-gradient":""},"tablet":{"background-color":"var(--ast-global-color-5)","background-image":"","background-repeat":"repeat","background-position":"center center","background-size":"auto","background-attachment":"scroll","background-type":"","background-media":"","overlay-type":"","overlay-color":"","overlay-opacity":"","overlay-gradient":""},"mobile":{"background-color":"var(--ast-global-color-5)","background-image":"","background-repeat":"repeat","background-position":"center center","background-size":"auto","background-attachment":"scroll","background-type":"","background-media":"","overlay-type":"","overlay-color":"","overlay-opacity":"","overlay-gradient":""}}},"product_brand":[],"product_cat":[67],"product_tag":[],"class_list":{"0":"post-6980","1":"product","2":"type-product","3":"status-publish","4":"has-post-thumbnail","6":"product_cat-sem-categoria","7":"desktop-align-left","8":"tablet-align-left","9":"mobile-align-left","11":"first","12":"instock","13":"shipping-taxable","14":"product-type-simple"},"yoast_head":"<!-- This site is optimized with the Yoast SEO plugin v26.5 - https:\/\/yoast.com\/wordpress\/plugins\/seo\/ -->\n<title>Betoneira Reboc\u00e1vel SM 260\/350\/400\/450\/500 &#8211; Excalibur Generator<\/title>\n<meta name=\"description\" content=\"Os misturadores de concreto reboc\u00e1veis \u200b\u200bSM260\u2013SM500 contam com tambores de 260\u2013500 L, acionamento manual, partida el\u00e9trica\/manual e proporcionam produtividade de mistura de 6\u201322 m\u00b3\/h.\" \/>\n<meta name=\"robots\" content=\"index, follow, max-snippet:-1, max-image-preview:large, max-video-preview:-1\" \/>\n<link rel=\"canonical\" href=\"https:\/\/www.excalibur-generator.com\/pt-br\/betoneira-rebocavel-sm-260-350-400-450-500\/\" \/>\n<meta name=\"twitter:label1\" content=\"Est. tempo de leitura\" \/>\n\t<meta name=\"twitter:data1\" content=\"1 minuto\" \/>\n<script type=\"application\/ld+json\" class=\"yoast-schema-graph\">{\"@context\":\"https:\/\/schema.org\",\"@graph\":[{\"@type\":\"WebPage\",\"@id\":\"https:\/\/www.excalibur-generator.com\/pt-br\/betoneira-rebocavel-sm-260-350-400-450-500\/\",\"url\":\"https:\/\/www.excalibur-generator.com\/pt-br\/betoneira-rebocavel-sm-260-350-400-450-500\/\",\"name\":\"Betoneira Reboc\u00e1vel SM 260\/350\/400\/450\/500 &#8211; Excalibur Generator\",\"isPartOf\":{\"@id\":\"https:\/\/www.excalibur-generator.com\/pt-br\/#website\"},\"primaryImageOfPage\":{\"@id\":\"https:\/\/www.excalibur-generator.com\/pt-br\/betoneira-rebocavel-sm-260-350-400-450-500\/#primaryimage\"},\"image\":{\"@id\":\"https:\/\/www.excalibur-generator.com\/pt-br\/betoneira-rebocavel-sm-260-350-400-450-500\/#primaryimage\"},\"thumbnailUrl\":\"https:\/\/www.excalibur-generator.com\/wp-content\/uploads\/2025\/06\/SM260-500Towable-Concrete-Mixer.webp\",\"datePublished\":\"2025-06-25T05:36:20+00:00\",\"description\":\"Os misturadores de concreto reboc\u00e1veis \u200b\u200bSM260\u2013SM500 contam com tambores de 260\u2013500 L, acionamento manual, partida el\u00e9trica\/manual e proporcionam produtividade de mistura de 6\u201322 m\u00b3\/h.\",\"breadcrumb\":{\"@id\":\"https:\/\/www.excalibur-generator.com\/pt-br\/betoneira-rebocavel-sm-260-350-400-450-500\/#breadcrumb\"},\"inLanguage\":\"pt-BR\",\"potentialAction\":[{\"@type\":\"ReadAction\",\"target\":[\"https:\/\/www.excalibur-generator.com\/pt-br\/betoneira-rebocavel-sm-260-350-400-450-500\/\"]}]},{\"@type\":\"ImageObject\",\"inLanguage\":\"pt-BR\",\"@id\":\"https:\/\/www.excalibur-generator.com\/pt-br\/betoneira-rebocavel-sm-260-350-400-450-500\/#primaryimage\",\"url\":\"https:\/\/www.excalibur-generator.com\/wp-content\/uploads\/2025\/06\/SM260-500Towable-Concrete-Mixer.webp\",\"contentUrl\":\"https:\/\/www.excalibur-generator.com\/wp-content\/uploads\/2025\/06\/SM260-500Towable-Concrete-Mixer.webp\",\"width\":800,\"height\":800,\"caption\":\"SM260-500 Betoneira reboc\u00e1vel\"},{\"@type\":\"BreadcrumbList\",\"@id\":\"https:\/\/www.excalibur-generator.com\/pt-br\/betoneira-rebocavel-sm-260-350-400-450-500\/#breadcrumb\",\"itemListElement\":[{\"@type\":\"ListItem\",\"position\":1,\"name\":\"Home\",\"item\":\"https:\/\/www.excalibur-generator.com\/pt-br\/\"},{\"@type\":\"ListItem\",\"position\":2,\"name\":\"Produtos\",\"item\":\"https:\/\/www.excalibur-generator.com\/pt-br\/produtos.html\"},{\"@type\":\"ListItem\",\"position\":3,\"name\":\"Betoneira Reboc\u00e1vel SM 260\/350\/400\/450\/500\"}]},{\"@type\":\"WebSite\",\"@id\":\"https:\/\/www.excalibur-generator.com\/pt-br\/#website\",\"url\":\"https:\/\/www.excalibur-generator.com\/pt-br\/\",\"name\":\"Excalibur Generator\",\"description\":\"\",\"publisher\":{\"@id\":\"https:\/\/www.excalibur-generator.com\/pt-br\/#organization\"},\"potentialAction\":[{\"@type\":\"SearchAction\",\"target\":{\"@type\":\"EntryPoint\",\"urlTemplate\":\"https:\/\/www.excalibur-generator.com\/pt-br\/?s={search_term_string}\"},\"query-input\":{\"@type\":\"PropertyValueSpecification\",\"valueRequired\":true,\"valueName\":\"search_term_string\"}}],\"inLanguage\":\"pt-BR\"},{\"@type\":\"Organization\",\"@id\":\"https:\/\/www.excalibur-generator.com\/pt-br\/#organization\",\"name\":\"Excalibur Generator\",\"url\":\"https:\/\/www.excalibur-generator.com\/pt-br\/\",\"logo\":{\"@type\":\"ImageObject\",\"inLanguage\":\"pt-BR\",\"@id\":\"https:\/\/www.excalibur-generator.com\/pt-br\/#\/schema\/logo\/image\/\",\"url\":\"https:\/\/www.excalibur-generator.com\/wp-content\/uploads\/2024\/05\/EXCALIBUR.png\",\"contentUrl\":\"https:\/\/www.excalibur-generator.com\/wp-content\/uploads\/2024\/05\/EXCALIBUR.png\",\"width\":350,\"height\":79,\"caption\":\"Excalibur Generator\"},\"image\":{\"@id\":\"https:\/\/www.excalibur-generator.com\/pt-br\/#\/schema\/logo\/image\/\"}}]}<\/script>\n<!-- \/ Yoast SEO plugin. -->","yoast_head_json":{"title":"Betoneira Reboc\u00e1vel SM 260\/350\/400\/450\/500 &#8211; Excalibur Generator","description":"Os misturadores de concreto reboc\u00e1veis \u200b\u200bSM260\u2013SM500 contam com tambores de 260\u2013500 L, acionamento manual, partida el\u00e9trica\/manual e proporcionam produtividade de mistura de 6\u201322 m\u00b3\/h.","robots":{"index":"index","follow":"follow","max-snippet":"max-snippet:-1","max-image-preview":"max-image-preview:large","max-video-preview":"max-video-preview:-1"},"canonical":"https:\/\/www.excalibur-generator.com\/pt-br\/betoneira-rebocavel-sm-260-350-400-450-500\/","twitter_misc":{"Est. tempo de leitura":"1 minuto"},"schema":{"@context":"https:\/\/schema.org","@graph":[{"@type":"WebPage","@id":"https:\/\/www.excalibur-generator.com\/pt-br\/betoneira-rebocavel-sm-260-350-400-450-500\/","url":"https:\/\/www.excalibur-generator.com\/pt-br\/betoneira-rebocavel-sm-260-350-400-450-500\/","name":"Betoneira Reboc\u00e1vel SM 260\/350\/400\/450\/500 &#8211; Excalibur Generator","isPartOf":{"@id":"https:\/\/www.excalibur-generator.com\/pt-br\/#website"},"primaryImageOfPage":{"@id":"https:\/\/www.excalibur-generator.com\/pt-br\/betoneira-rebocavel-sm-260-350-400-450-500\/#primaryimage"},"image":{"@id":"https:\/\/www.excalibur-generator.com\/pt-br\/betoneira-rebocavel-sm-260-350-400-450-500\/#primaryimage"},"thumbnailUrl":"https:\/\/www.excalibur-generator.com\/wp-content\/uploads\/2025\/06\/SM260-500Towable-Concrete-Mixer.webp","datePublished":"2025-06-25T05:36:20+00:00","description":"Os misturadores de concreto reboc\u00e1veis \u200b\u200bSM260\u2013SM500 contam com tambores de 260\u2013500 L, acionamento manual, partida el\u00e9trica\/manual e proporcionam produtividade de mistura de 6\u201322 m\u00b3\/h.","breadcrumb":{"@id":"https:\/\/www.excalibur-generator.com\/pt-br\/betoneira-rebocavel-sm-260-350-400-450-500\/#breadcrumb"},"inLanguage":"pt-BR","potentialAction":[{"@type":"ReadAction","target":["https:\/\/www.excalibur-generator.com\/pt-br\/betoneira-rebocavel-sm-260-350-400-450-500\/"]}]},{"@type":"ImageObject","inLanguage":"pt-BR","@id":"https:\/\/www.excalibur-generator.com\/pt-br\/betoneira-rebocavel-sm-260-350-400-450-500\/#primaryimage","url":"https:\/\/www.excalibur-generator.com\/wp-content\/uploads\/2025\/06\/SM260-500Towable-Concrete-Mixer.webp","contentUrl":"https:\/\/www.excalibur-generator.com\/wp-content\/uploads\/2025\/06\/SM260-500Towable-Concrete-Mixer.webp","width":800,"height":800,"caption":"SM260-500 Betoneira reboc\u00e1vel"},{"@type":"BreadcrumbList","@id":"https:\/\/www.excalibur-generator.com\/pt-br\/betoneira-rebocavel-sm-260-350-400-450-500\/#breadcrumb","itemListElement":[{"@type":"ListItem","position":1,"name":"Home","item":"https:\/\/www.excalibur-generator.com\/pt-br\/"},{"@type":"ListItem","position":2,"name":"Produtos","item":"https:\/\/www.excalibur-generator.com\/pt-br\/produtos.html"},{"@type":"ListItem","position":3,"name":"Betoneira Reboc\u00e1vel SM 260\/350\/400\/450\/500"}]},{"@type":"WebSite","@id":"https:\/\/www.excalibur-generator.com\/pt-br\/#website","url":"https:\/\/www.excalibur-generator.com\/pt-br\/","name":"Excalibur Generator","description":"","publisher":{"@id":"https:\/\/www.excalibur-generator.com\/pt-br\/#organization"},"potentialAction":[{"@type":"SearchAction","target":{"@type":"EntryPoint","urlTemplate":"https:\/\/www.excalibur-generator.com\/pt-br\/?s={search_term_string}"},"query-input":{"@type":"PropertyValueSpecification","valueRequired":true,"valueName":"search_term_string"}}],"inLanguage":"pt-BR"},{"@type":"Organization","@id":"https:\/\/www.excalibur-generator.com\/pt-br\/#organization","name":"Excalibur Generator","url":"https:\/\/www.excalibur-generator.com\/pt-br\/","logo":{"@type":"ImageObject","inLanguage":"pt-BR","@id":"https:\/\/www.excalibur-generator.com\/pt-br\/#\/schema\/logo\/image\/","url":"https:\/\/www.excalibur-generator.com\/wp-content\/uploads\/2024\/05\/EXCALIBUR.png","contentUrl":"https:\/\/www.excalibur-generator.com\/wp-content\/uploads\/2024\/05\/EXCALIBUR.png","width":350,"height":79,"caption":"Excalibur Generator"},"image":{"@id":"https:\/\/www.excalibur-generator.com\/pt-br\/#\/schema\/logo\/image\/"}}]}},"_links":{"self":[{"href":"https:\/\/www.excalibur-generator.com\/pt-br\/wp-json\/wp\/v2\/product\/6980","targetHints":{"allow":["GET"]}}],"collection":[{"href":"https:\/\/www.excalibur-generator.com\/pt-br\/wp-json\/wp\/v2\/product"}],"about":[{"href":"https:\/\/www.excalibur-generator.com\/pt-br\/wp-json\/wp\/v2\/types\/product"}],"replies":[{"embeddable":true,"href":"https:\/\/www.excalibur-generator.com\/pt-br\/wp-json\/wp\/v2\/comments?post=6980"}],"wp:featuredmedia":[{"embeddable":true,"href":"https:\/\/www.excalibur-generator.com\/pt-br\/wp-json\/wp\/v2\/media\/6698"}],"wp:attachment":[{"href":"https:\/\/www.excalibur-generator.com\/pt-br\/wp-json\/wp\/v2\/media?parent=6980"}],"wp:term":[{"taxonomy":"product_brand","embeddable":true,"href":"https:\/\/www.excalibur-generator.com\/pt-br\/wp-json\/wp\/v2\/product_brand?post=6980"},{"taxonomy":"product_cat","embeddable":true,"href":"https:\/\/www.excalibur-generator.com\/pt-br\/wp-json\/wp\/v2\/product_cat?post=6980"},{"taxonomy":"product_tag","embeddable":true,"href":"https:\/\/www.excalibur-generator.com\/pt-br\/wp-json\/wp\/v2\/product_tag?post=6980"}],"curies":[{"name":"wp","href":"https:\/\/api.w.org\/{rel}","templated":true}]}}