{"id":6981,"date":"2025-06-25T11:10:16","date_gmt":"2025-06-25T03:10:16","guid":{"rendered":"https:\/\/www.excalibur-generator.com\/vibrador-de-concreto-portatil-szna\/"},"modified":"2025-06-25T11:10:16","modified_gmt":"2025-06-25T03:10:16","slug":"vibrador-de-concreto-portatil-szna","status":"publish","type":"product","link":"https:\/\/www.excalibur-generator.com\/pt-br\/vibrador-de-concreto-portatil-szna\/","title":{"rendered":"Vibrador de concreto portatil SZNA"},"content":{"rendered":"<table>\n<tbody>\n<tr>\n<td>Modelo<\/td>\n<td>Tens\u00e3o<\/td>\n<td>Power<\/td>\n<td>Motor<\/td>\n<\/tr>\n<tr>\n<td rowspan=\"4\"><img fetchpriority=\"high\" decoding=\"async\" class=\"aligncenter wp-image-6616 size-medium\" src=\"https:\/\/www.excalibur-generator.com\/wp-content\/uploads\/2025\/06\/Hand-Held-Concrete-Vibrator-300x300.jpg\" alt=\"Vibrador de concreto port\u00e1til\" width=\"300\" height=\"300\" srcset=\"https:\/\/www.excalibur-generator.com\/wp-content\/uploads\/2025\/06\/Hand-Held-Concrete-Vibrator-300x300.jpg 300w, https:\/\/www.excalibur-generator.com\/wp-content\/uploads\/2025\/06\/Hand-Held-Concrete-Vibrator-150x150.jpg 150w, https:\/\/www.excalibur-generator.com\/wp-content\/uploads\/2025\/06\/Hand-Held-Concrete-Vibrator-768x768.jpg 768w, https:\/\/www.excalibur-generator.com\/wp-content\/uploads\/2025\/06\/Hand-Held-Concrete-Vibrator-600x600.jpg 600w, https:\/\/www.excalibur-generator.com\/wp-content\/uploads\/2025\/06\/Hand-Held-Concrete-Vibrator-100x100.jpg 100w, https:\/\/www.excalibur-generator.com\/wp-content\/uploads\/2025\/06\/Hand-Held-Concrete-Vibrator.jpg 800w\" sizes=\"(max-width: 300px) 100vw, 300px\" \/><\/td>\n<td>220V<\/td>\n<td>800W<\/td>\n<td>Altura do estator e do rotor: 35 mm<\/td>\n<\/tr>\n<tr>\n<td>220V<\/td>\n<td>900W<\/td>\n<td>Altura do estator e do rotor: 40 mm<\/td>\n<\/tr>\n<tr>\n<td>220V<\/td>\n<td>1000W<\/td>\n<td>Altura do estator e do rotor: 45 mm<\/td>\n<\/tr>\n<tr>\n<td>220V<\/td>\n<td>1200W<\/td>\n<td>Altura do estator e do rotor: 50 mm<\/td>\n<\/tr>\n<tr>\n<td rowspan=\"4\"><img decoding=\"async\" class=\"wp-image-6619 size-medium aligncenter\" src=\"https:\/\/www.excalibur-generator.com\/wp-content\/uploads\/2025\/06\/SANA-2-pencil-concrete-vibrator-300x300.jpg\" alt=\"Vibrador de concreto tipo l\u00e1pis SANA-2\" width=\"300\" height=\"300\" srcset=\"https:\/\/www.excalibur-generator.com\/wp-content\/uploads\/2025\/06\/SANA-2-pencil-concrete-vibrator-300x300.jpg 300w, https:\/\/www.excalibur-generator.com\/wp-content\/uploads\/2025\/06\/SANA-2-pencil-concrete-vibrator-150x150.jpg 150w, https:\/\/www.excalibur-generator.com\/wp-content\/uploads\/2025\/06\/SANA-2-pencil-concrete-vibrator-768x768.jpg 768w, https:\/\/www.excalibur-generator.com\/wp-content\/uploads\/2025\/06\/SANA-2-pencil-concrete-vibrator-600x600.jpg 600w, https:\/\/www.excalibur-generator.com\/wp-content\/uploads\/2025\/06\/SANA-2-pencil-concrete-vibrator-100x100.jpg 100w, https:\/\/www.excalibur-generator.com\/wp-content\/uploads\/2025\/06\/SANA-2-pencil-concrete-vibrator.jpg 800w\" sizes=\"(max-width: 300px) 100vw, 300px\" \/><\/td>\n<td>220V<\/td>\n<td>800W<\/td>\n<td>Altura do estator e do rotor: 35 mm<\/td>\n<\/tr>\n<tr>\n<td>220V<\/td>\n<td>900W<\/td>\n<td>Altura do estator e do rotor: 40 mm<\/td>\n<\/tr>\n<tr>\n<td>220V<\/td>\n<td>1000W<\/td>\n<td>Altura do estator e do rotor: 45 mm<\/td>\n<\/tr>\n<tr>\n<td>220V<\/td>\n<td>1200W<\/td>\n<td>Altura do estator e do rotor: 50 mm<\/td>\n<\/tr>\n<tr>\n<td rowspan=\"4\"><img decoding=\"async\" class=\"wp-image-6622 size-medium aligncenter\" src=\"https:\/\/www.excalibur-generator.com\/wp-content\/uploads\/2025\/06\/SZNA-pencil-concrete-vibrator-300x300.jpg\" alt=\"Vibrador de concreto portatil SZNA\" width=\"300\" height=\"300\" srcset=\"https:\/\/www.excalibur-generator.com\/wp-content\/uploads\/2025\/06\/SZNA-pencil-concrete-vibrator-300x300.jpg 300w, https:\/\/www.excalibur-generator.com\/wp-content\/uploads\/2025\/06\/SZNA-pencil-concrete-vibrator-150x150.jpg 150w, https:\/\/www.excalibur-generator.com\/wp-content\/uploads\/2025\/06\/SZNA-pencil-concrete-vibrator-768x768.jpg 768w, https:\/\/www.excalibur-generator.com\/wp-content\/uploads\/2025\/06\/SZNA-pencil-concrete-vibrator-600x600.jpg 600w, https:\/\/www.excalibur-generator.com\/wp-content\/uploads\/2025\/06\/SZNA-pencil-concrete-vibrator-100x100.jpg 100w, https:\/\/www.excalibur-generator.com\/wp-content\/uploads\/2025\/06\/SZNA-pencil-concrete-vibrator.jpg 800w\" sizes=\"(max-width: 300px) 100vw, 300px\" \/><\/td>\n<td>220V<\/td>\n<td>800W<\/td>\n<td>Altura do estator e rotor: 35 mm, caixa de alum\u00ednio<\/td>\n<\/tr>\n<tr>\n<td>220V<\/td>\n<td>900W<\/td>\n<td>Altura do estator e rotor: 35 mm, caixa de alum\u00ednio<\/td>\n<\/tr>\n<tr>\n<td>220V<\/td>\n<td>1000W<\/td>\n<td>Altura do estator e rotor: 45 mm, caixa de alum\u00ednio<\/td>\n<\/tr>\n<tr>\n<td>220V<\/td>\n<td>1200W<\/td>\n<td>Altura do estator e rotor: 50 mm, caixa de alum\u00ednio<\/td>\n<\/tr>\n<\/tbody>\n<\/table>\n<p><img loading=\"lazy\" decoding=\"async\" class=\"size-full wp-image-6639 aligncenter\" src=\"https:\/\/www.excalibur-generator.com\/wp-content\/uploads\/2025\/06\/Vibrator-Hose.jpg\" alt=\"Mangueira Vibrat\u00f3ria\" width=\"800\" height=\"106\" srcset=\"https:\/\/www.excalibur-generator.com\/wp-content\/uploads\/2025\/06\/Vibrator-Hose.jpg 800w, https:\/\/www.excalibur-generator.com\/wp-content\/uploads\/2025\/06\/Vibrator-Hose-300x40.jpg 300w, https:\/\/www.excalibur-generator.com\/wp-content\/uploads\/2025\/06\/Vibrator-Hose-768x102.jpg 768w, https:\/\/www.excalibur-generator.com\/wp-content\/uploads\/2025\/06\/Vibrator-Hose-600x80.jpg 600w\" sizes=\"(max-width: 800px) 100vw, 800px\" \/><\/p>\n<table>\n<tbody>\n<tr>\n<td colspan=\"7\">\n<p style=\"text-align: center;\">Op\u00e7\u00f5es de mangueira vibrat\u00f3ria<\/p>\n<\/td>\n<\/tr>\n<tr>\n<td>Tamanho da cabe\u00e7a do eixo<\/td>\n<td>25mm<\/td>\n<td>25mm<\/td>\n<td>35mm<\/td>\n<td>35mm<\/td>\n<td>35mm<\/td>\n<td>35mm<\/td>\n<\/tr>\n<tr>\n<td>Op\u00e7\u00f5es de comprimento do eixo (m)<\/td>\n<td>1M<\/td>\n<td>2M<\/td>\n<td>1M<\/td>\n<td>1.5M<\/td>\n<td>2M<\/td>\n<td>3M<\/td>\n<\/tr>\n<tr>\n<td>M\u00e9todo de embalagem<\/td>\n<td>5 pe\u00e7as\/caixa<\/td>\n<td>5 pe\u00e7as\/caixa<\/td>\n<td>5 pe\u00e7as\/caixa<\/td>\n<td>5 pe\u00e7as\/caixa<\/td>\n<td>5 pe\u00e7as\/caixa<\/td>\n<td>1 pe\u00e7a\/caixa<\/td>\n<\/tr>\n<\/tbody>\n<\/table>\n","protected":false},"excerpt":{"rendered":"<ul>\n<li>Oferece voltagem de 220 V com faixa de pot\u00eancia de 800 W a 1200 W.<\/li>\n<li>A altura do estator e do rotor varia de 35 mm a 50 mm.<\/li>\n<li>O case de alum\u00ednio opcional aumenta a durabilidade e o desempenho de dissipa\u00e7\u00e3o de calor.<\/li>\n<\/ul>\n","protected":false},"featured_media":6617,"comment_status":"open","ping_status":"closed","template":"","meta":{"site-sidebar-layout":"default","site-content-layout":"","ast-site-content-layout":"default","site-content-style":"default","site-sidebar-style":"default","ast-global-header-display":"","ast-banner-title-visibility":"","ast-main-header-display":"","ast-hfb-above-header-display":"","ast-hfb-below-header-display":"","ast-hfb-mobile-header-display":"","site-post-title":"","ast-breadcrumbs-content":"","ast-featured-img":"","footer-sml-layout":"","theme-transparent-header-meta":"default","adv-header-id-meta":"","stick-header-meta":"","header-above-stick-meta":"","header-main-stick-meta":"","header-below-stick-meta":"","astra-migrate-meta-layouts":"default","ast-page-background-enabled":"default","ast-page-background-meta":{"desktop":{"background-color":"var(--ast-global-color-4)","background-image":"","background-repeat":"repeat","background-position":"center center","background-size":"auto","background-attachment":"scroll","background-type":"","background-media":"","overlay-type":"","overlay-color":"","overlay-opacity":"","overlay-gradient":""},"tablet":{"background-color":"","background-image":"","background-repeat":"repeat","background-position":"center center","background-size":"auto","background-attachment":"scroll","background-type":"","background-media":"","overlay-type":"","overlay-color":"","overlay-opacity":"","overlay-gradient":""},"mobile":{"background-color":"","background-image":"","background-repeat":"repeat","background-position":"center center","background-size":"auto","background-attachment":"scroll","background-type":"","background-media":"","overlay-type":"","overlay-color":"","overlay-opacity":"","overlay-gradient":""}},"ast-content-background-meta":{"desktop":{"background-color":"var(--ast-global-color-5)","background-image":"","background-repeat":"repeat","background-position":"center center","background-size":"auto","background-attachment":"scroll","background-type":"","background-media":"","overlay-type":"","overlay-color":"","overlay-opacity":"","overlay-gradient":""},"tablet":{"background-color":"var(--ast-global-color-5)","background-image":"","background-repeat":"repeat","background-position":"center center","background-size":"auto","background-attachment":"scroll","background-type":"","background-media":"","overlay-type":"","overlay-color":"","overlay-opacity":"","overlay-gradient":""},"mobile":{"background-color":"var(--ast-global-color-5)","background-image":"","background-repeat":"repeat","background-position":"center center","background-size":"auto","background-attachment":"scroll","background-type":"","background-media":"","overlay-type":"","overlay-color":"","overlay-opacity":"","overlay-gradient":""}}},"product_brand":[],"product_cat":[67],"product_tag":[],"class_list":{"0":"post-6981","1":"product","2":"type-product","3":"status-publish","4":"has-post-thumbnail","6":"product_cat-sem-categoria","7":"desktop-align-left","8":"tablet-align-left","9":"mobile-align-left","11":"first","12":"instock","13":"shipping-taxable","14":"product-type-simple"},"yoast_head":"<!-- This site is optimized with the Yoast SEO plugin v26.5 - https:\/\/yoast.com\/wordpress\/plugins\/seo\/ -->\n<title>Vibrador de concreto portatil SZNA &#8211; Excalibur Generator<\/title>\n<meta name=\"description\" content=\"O vibrador de concreto tipo l\u00e1pis SZNA possui pot\u00eancia de 220 V, motor de 800 W\u20131200 W e estrutura dur\u00e1vel de alum\u00ednio ou padr\u00e3o para compacta\u00e7\u00e3o eficiente do concreto.\" \/>\n<meta name=\"robots\" content=\"index, follow, max-snippet:-1, max-image-preview:large, max-video-preview:-1\" \/>\n<link rel=\"canonical\" href=\"https:\/\/www.excalibur-generator.com\/pt-br\/vibrador-de-concreto-portatil-szna\/\" \/>\n<meta name=\"twitter:label1\" content=\"Est. tempo de leitura\" \/>\n\t<meta name=\"twitter:data1\" content=\"1 minuto\" \/>\n<script type=\"application\/ld+json\" class=\"yoast-schema-graph\">{\"@context\":\"https:\/\/schema.org\",\"@graph\":[{\"@type\":\"WebPage\",\"@id\":\"https:\/\/www.excalibur-generator.com\/pt-br\/vibrador-de-concreto-portatil-szna\/\",\"url\":\"https:\/\/www.excalibur-generator.com\/pt-br\/vibrador-de-concreto-portatil-szna\/\",\"name\":\"Vibrador de concreto portatil SZNA &#8211; Excalibur Generator\",\"isPartOf\":{\"@id\":\"https:\/\/www.excalibur-generator.com\/pt-br\/#website\"},\"primaryImageOfPage\":{\"@id\":\"https:\/\/www.excalibur-generator.com\/pt-br\/vibrador-de-concreto-portatil-szna\/#primaryimage\"},\"image\":{\"@id\":\"https:\/\/www.excalibur-generator.com\/pt-br\/vibrador-de-concreto-portatil-szna\/#primaryimage\"},\"thumbnailUrl\":\"https:\/\/www.excalibur-generator.com\/wp-content\/uploads\/2025\/06\/Hand-Held-Concrete-Vibrator.jpg\",\"datePublished\":\"2025-06-25T03:10:16+00:00\",\"description\":\"O vibrador de concreto tipo l\u00e1pis SZNA possui pot\u00eancia de 220 V, motor de 800 W\u20131200 W e estrutura dur\u00e1vel de alum\u00ednio ou padr\u00e3o para compacta\u00e7\u00e3o eficiente do concreto.\",\"breadcrumb\":{\"@id\":\"https:\/\/www.excalibur-generator.com\/pt-br\/vibrador-de-concreto-portatil-szna\/#breadcrumb\"},\"inLanguage\":\"pt-BR\",\"potentialAction\":[{\"@type\":\"ReadAction\",\"target\":[\"https:\/\/www.excalibur-generator.com\/pt-br\/vibrador-de-concreto-portatil-szna\/\"]}]},{\"@type\":\"ImageObject\",\"inLanguage\":\"pt-BR\",\"@id\":\"https:\/\/www.excalibur-generator.com\/pt-br\/vibrador-de-concreto-portatil-szna\/#primaryimage\",\"url\":\"https:\/\/www.excalibur-generator.com\/wp-content\/uploads\/2025\/06\/Hand-Held-Concrete-Vibrator.jpg\",\"contentUrl\":\"https:\/\/www.excalibur-generator.com\/wp-content\/uploads\/2025\/06\/Hand-Held-Concrete-Vibrator.jpg\",\"width\":800,\"height\":800,\"caption\":\"Vibrador de concreto port\u00e1til\"},{\"@type\":\"BreadcrumbList\",\"@id\":\"https:\/\/www.excalibur-generator.com\/pt-br\/vibrador-de-concreto-portatil-szna\/#breadcrumb\",\"itemListElement\":[{\"@type\":\"ListItem\",\"position\":1,\"name\":\"Home\",\"item\":\"https:\/\/www.excalibur-generator.com\/pt-br\/\"},{\"@type\":\"ListItem\",\"position\":2,\"name\":\"Produtos\",\"item\":\"https:\/\/www.excalibur-generator.com\/pt-br\/produtos.html\"},{\"@type\":\"ListItem\",\"position\":3,\"name\":\"Vibrador de concreto portatil SZNA\"}]},{\"@type\":\"WebSite\",\"@id\":\"https:\/\/www.excalibur-generator.com\/pt-br\/#website\",\"url\":\"https:\/\/www.excalibur-generator.com\/pt-br\/\",\"name\":\"Excalibur Generator\",\"description\":\"\",\"publisher\":{\"@id\":\"https:\/\/www.excalibur-generator.com\/pt-br\/#organization\"},\"potentialAction\":[{\"@type\":\"SearchAction\",\"target\":{\"@type\":\"EntryPoint\",\"urlTemplate\":\"https:\/\/www.excalibur-generator.com\/pt-br\/?s={search_term_string}\"},\"query-input\":{\"@type\":\"PropertyValueSpecification\",\"valueRequired\":true,\"valueName\":\"search_term_string\"}}],\"inLanguage\":\"pt-BR\"},{\"@type\":\"Organization\",\"@id\":\"https:\/\/www.excalibur-generator.com\/pt-br\/#organization\",\"name\":\"Excalibur Generator\",\"url\":\"https:\/\/www.excalibur-generator.com\/pt-br\/\",\"logo\":{\"@type\":\"ImageObject\",\"inLanguage\":\"pt-BR\",\"@id\":\"https:\/\/www.excalibur-generator.com\/pt-br\/#\/schema\/logo\/image\/\",\"url\":\"https:\/\/www.excalibur-generator.com\/wp-content\/uploads\/2024\/05\/EXCALIBUR.png\",\"contentUrl\":\"https:\/\/www.excalibur-generator.com\/wp-content\/uploads\/2024\/05\/EXCALIBUR.png\",\"width\":350,\"height\":79,\"caption\":\"Excalibur Generator\"},\"image\":{\"@id\":\"https:\/\/www.excalibur-generator.com\/pt-br\/#\/schema\/logo\/image\/\"}}]}<\/script>\n<!-- \/ Yoast SEO plugin. -->","yoast_head_json":{"title":"Vibrador de concreto portatil SZNA &#8211; Excalibur Generator","description":"O vibrador de concreto tipo l\u00e1pis SZNA possui pot\u00eancia de 220 V, motor de 800 W\u20131200 W e estrutura dur\u00e1vel de alum\u00ednio ou padr\u00e3o para compacta\u00e7\u00e3o eficiente do concreto.","robots":{"index":"index","follow":"follow","max-snippet":"max-snippet:-1","max-image-preview":"max-image-preview:large","max-video-preview":"max-video-preview:-1"},"canonical":"https:\/\/www.excalibur-generator.com\/pt-br\/vibrador-de-concreto-portatil-szna\/","twitter_misc":{"Est. tempo de leitura":"1 minuto"},"schema":{"@context":"https:\/\/schema.org","@graph":[{"@type":"WebPage","@id":"https:\/\/www.excalibur-generator.com\/pt-br\/vibrador-de-concreto-portatil-szna\/","url":"https:\/\/www.excalibur-generator.com\/pt-br\/vibrador-de-concreto-portatil-szna\/","name":"Vibrador de concreto portatil SZNA &#8211; Excalibur Generator","isPartOf":{"@id":"https:\/\/www.excalibur-generator.com\/pt-br\/#website"},"primaryImageOfPage":{"@id":"https:\/\/www.excalibur-generator.com\/pt-br\/vibrador-de-concreto-portatil-szna\/#primaryimage"},"image":{"@id":"https:\/\/www.excalibur-generator.com\/pt-br\/vibrador-de-concreto-portatil-szna\/#primaryimage"},"thumbnailUrl":"https:\/\/www.excalibur-generator.com\/wp-content\/uploads\/2025\/06\/Hand-Held-Concrete-Vibrator.jpg","datePublished":"2025-06-25T03:10:16+00:00","description":"O vibrador de concreto tipo l\u00e1pis SZNA possui pot\u00eancia de 220 V, motor de 800 W\u20131200 W e estrutura dur\u00e1vel de alum\u00ednio ou padr\u00e3o para compacta\u00e7\u00e3o eficiente do concreto.","breadcrumb":{"@id":"https:\/\/www.excalibur-generator.com\/pt-br\/vibrador-de-concreto-portatil-szna\/#breadcrumb"},"inLanguage":"pt-BR","potentialAction":[{"@type":"ReadAction","target":["https:\/\/www.excalibur-generator.com\/pt-br\/vibrador-de-concreto-portatil-szna\/"]}]},{"@type":"ImageObject","inLanguage":"pt-BR","@id":"https:\/\/www.excalibur-generator.com\/pt-br\/vibrador-de-concreto-portatil-szna\/#primaryimage","url":"https:\/\/www.excalibur-generator.com\/wp-content\/uploads\/2025\/06\/Hand-Held-Concrete-Vibrator.jpg","contentUrl":"https:\/\/www.excalibur-generator.com\/wp-content\/uploads\/2025\/06\/Hand-Held-Concrete-Vibrator.jpg","width":800,"height":800,"caption":"Vibrador de concreto port\u00e1til"},{"@type":"BreadcrumbList","@id":"https:\/\/www.excalibur-generator.com\/pt-br\/vibrador-de-concreto-portatil-szna\/#breadcrumb","itemListElement":[{"@type":"ListItem","position":1,"name":"Home","item":"https:\/\/www.excalibur-generator.com\/pt-br\/"},{"@type":"ListItem","position":2,"name":"Produtos","item":"https:\/\/www.excalibur-generator.com\/pt-br\/produtos.html"},{"@type":"ListItem","position":3,"name":"Vibrador de concreto portatil SZNA"}]},{"@type":"WebSite","@id":"https:\/\/www.excalibur-generator.com\/pt-br\/#website","url":"https:\/\/www.excalibur-generator.com\/pt-br\/","name":"Excalibur Generator","description":"","publisher":{"@id":"https:\/\/www.excalibur-generator.com\/pt-br\/#organization"},"potentialAction":[{"@type":"SearchAction","target":{"@type":"EntryPoint","urlTemplate":"https:\/\/www.excalibur-generator.com\/pt-br\/?s={search_term_string}"},"query-input":{"@type":"PropertyValueSpecification","valueRequired":true,"valueName":"search_term_string"}}],"inLanguage":"pt-BR"},{"@type":"Organization","@id":"https:\/\/www.excalibur-generator.com\/pt-br\/#organization","name":"Excalibur Generator","url":"https:\/\/www.excalibur-generator.com\/pt-br\/","logo":{"@type":"ImageObject","inLanguage":"pt-BR","@id":"https:\/\/www.excalibur-generator.com\/pt-br\/#\/schema\/logo\/image\/","url":"https:\/\/www.excalibur-generator.com\/wp-content\/uploads\/2024\/05\/EXCALIBUR.png","contentUrl":"https:\/\/www.excalibur-generator.com\/wp-content\/uploads\/2024\/05\/EXCALIBUR.png","width":350,"height":79,"caption":"Excalibur Generator"},"image":{"@id":"https:\/\/www.excalibur-generator.com\/pt-br\/#\/schema\/logo\/image\/"}}]}},"_links":{"self":[{"href":"https:\/\/www.excalibur-generator.com\/pt-br\/wp-json\/wp\/v2\/product\/6981","targetHints":{"allow":["GET"]}}],"collection":[{"href":"https:\/\/www.excalibur-generator.com\/pt-br\/wp-json\/wp\/v2\/product"}],"about":[{"href":"https:\/\/www.excalibur-generator.com\/pt-br\/wp-json\/wp\/v2\/types\/product"}],"replies":[{"embeddable":true,"href":"https:\/\/www.excalibur-generator.com\/pt-br\/wp-json\/wp\/v2\/comments?post=6981"}],"wp:featuredmedia":[{"embeddable":true,"href":"https:\/\/www.excalibur-generator.com\/pt-br\/wp-json\/wp\/v2\/media\/6617"}],"wp:attachment":[{"href":"https:\/\/www.excalibur-generator.com\/pt-br\/wp-json\/wp\/v2\/media?parent=6981"}],"wp:term":[{"taxonomy":"product_brand","embeddable":true,"href":"https:\/\/www.excalibur-generator.com\/pt-br\/wp-json\/wp\/v2\/product_brand?post=6981"},{"taxonomy":"product_cat","embeddable":true,"href":"https:\/\/www.excalibur-generator.com\/pt-br\/wp-json\/wp\/v2\/product_cat?post=6981"},{"taxonomy":"product_tag","embeddable":true,"href":"https:\/\/www.excalibur-generator.com\/pt-br\/wp-json\/wp\/v2\/product_tag?post=6981"}],"curies":[{"name":"wp","href":"https:\/\/api.w.org\/{rel}","templated":true}]}}