{"id":6982,"date":"2025-06-25T10:53:46","date_gmt":"2025-06-25T02:53:46","guid":{"rendered":"https:\/\/www.excalibur-generator.com\/vibrador-de-imersao-sv\/"},"modified":"2025-06-25T10:53:46","modified_gmt":"2025-06-25T02:53:46","slug":"vibrador-de-imersao-sv","status":"publish","type":"product","link":"https:\/\/www.excalibur-generator.com\/pt-br\/vibrador-de-imersao-sv\/","title":{"rendered":"Vibrador de imers\u00e3o SV"},"content":{"rendered":"<table>\n<tbody>\n<tr>\n<td colspan=\"3\">\n<p style=\"text-align: center;\">Op\u00e7\u00f5es de motor<\/p>\n<\/td>\n<td colspan=\"4\">\n<p style=\"text-align: center;\">Op\u00e7\u00e3o de moldura<\/p>\n<\/td>\n<\/tr>\n<tr>\n<td><img fetchpriority=\"high\" decoding=\"async\" class=\"alignnone wp-image-6651 size-medium\" src=\"https:\/\/www.excalibur-generator.com\/wp-content\/uploads\/2025\/06\/Robin-engine-EY20-5HP-300x300.jpg\" alt=\"Motor Robin EY20 (5HP)\" width=\"300\" height=\"300\" srcset=\"https:\/\/www.excalibur-generator.com\/wp-content\/uploads\/2025\/06\/Robin-engine-EY20-5HP-300x300.jpg 300w, https:\/\/www.excalibur-generator.com\/wp-content\/uploads\/2025\/06\/Robin-engine-EY20-5HP-150x150.jpg 150w, https:\/\/www.excalibur-generator.com\/wp-content\/uploads\/2025\/06\/Robin-engine-EY20-5HP-100x100.jpg 100w, https:\/\/www.excalibur-generator.com\/wp-content\/uploads\/2025\/06\/Robin-engine-EY20-5HP.jpg 400w\" sizes=\"(max-width: 300px) 100vw, 300px\" \/><\/td>\n<td><img decoding=\"async\" class=\"alignnone wp-image-6654 size-medium\" src=\"https:\/\/www.excalibur-generator.com\/wp-content\/uploads\/2025\/06\/Honda-engine-GX160-5.5HP-300x300.jpg\" alt=\"Motor Honda GX160 (5,5 HP)\" width=\"300\" height=\"300\" srcset=\"https:\/\/www.excalibur-generator.com\/wp-content\/uploads\/2025\/06\/Honda-engine-GX160-5.5HP-300x300.jpg 300w, https:\/\/www.excalibur-generator.com\/wp-content\/uploads\/2025\/06\/Honda-engine-GX160-5.5HP-150x150.jpg 150w, https:\/\/www.excalibur-generator.com\/wp-content\/uploads\/2025\/06\/Honda-engine-GX160-5.5HP-100x100.jpg 100w, https:\/\/www.excalibur-generator.com\/wp-content\/uploads\/2025\/06\/Honda-engine-GX160-5.5HP.jpg 400w\" sizes=\"(max-width: 300px) 100vw, 300px\" \/><\/td>\n<td><img decoding=\"async\" class=\"alignnone wp-image-6657 size-medium\" src=\"https:\/\/www.excalibur-generator.com\/wp-content\/uploads\/2025\/06\/Diesel-Engine-S173F-6HP-300x300.jpg\" alt=\"Motor Diesel S173F (6HP)\" width=\"300\" height=\"300\" srcset=\"https:\/\/www.excalibur-generator.com\/wp-content\/uploads\/2025\/06\/Diesel-Engine-S173F-6HP-300x300.jpg 300w, https:\/\/www.excalibur-generator.com\/wp-content\/uploads\/2025\/06\/Diesel-Engine-S173F-6HP-150x150.jpg 150w, https:\/\/www.excalibur-generator.com\/wp-content\/uploads\/2025\/06\/Diesel-Engine-S173F-6HP-100x100.jpg 100w, https:\/\/www.excalibur-generator.com\/wp-content\/uploads\/2025\/06\/Diesel-Engine-S173F-6HP.jpg 400w\" sizes=\"(max-width: 300px) 100vw, 300px\" \/><\/td>\n<td><img loading=\"lazy\" decoding=\"async\" class=\"alignnone wp-image-6660 size-medium\" src=\"https:\/\/www.excalibur-generator.com\/wp-content\/uploads\/2025\/06\/type-B-300x300.jpg\" alt=\"tipo B\" width=\"300\" height=\"300\" srcset=\"https:\/\/www.excalibur-generator.com\/wp-content\/uploads\/2025\/06\/type-B-300x300.jpg 300w, https:\/\/www.excalibur-generator.com\/wp-content\/uploads\/2025\/06\/type-B-150x150.jpg 150w, https:\/\/www.excalibur-generator.com\/wp-content\/uploads\/2025\/06\/type-B-100x100.jpg 100w, https:\/\/www.excalibur-generator.com\/wp-content\/uploads\/2025\/06\/type-B.jpg 400w\" sizes=\"(max-width: 300px) 100vw, 300px\" \/><\/td>\n<td><img loading=\"lazy\" decoding=\"async\" class=\"alignnone wp-image-6663 size-medium\" src=\"https:\/\/www.excalibur-generator.com\/wp-content\/uploads\/2025\/06\/TYPE-C-300x300.jpg\" alt=\"TIPO C\" width=\"300\" height=\"300\" srcset=\"https:\/\/www.excalibur-generator.com\/wp-content\/uploads\/2025\/06\/TYPE-C-300x300.jpg 300w, https:\/\/www.excalibur-generator.com\/wp-content\/uploads\/2025\/06\/TYPE-C-150x150.jpg 150w, https:\/\/www.excalibur-generator.com\/wp-content\/uploads\/2025\/06\/TYPE-C-100x100.jpg 100w, https:\/\/www.excalibur-generator.com\/wp-content\/uploads\/2025\/06\/TYPE-C.jpg 400w\" sizes=\"(max-width: 300px) 100vw, 300px\" \/><\/td>\n<td><img loading=\"lazy\" decoding=\"async\" class=\"alignnone wp-image-6666 size-medium\" src=\"https:\/\/www.excalibur-generator.com\/wp-content\/uploads\/2025\/06\/TYPE-D-300x300.jpg\" alt=\"TIPO D\" width=\"300\" height=\"300\" srcset=\"https:\/\/www.excalibur-generator.com\/wp-content\/uploads\/2025\/06\/TYPE-D-300x300.jpg 300w, https:\/\/www.excalibur-generator.com\/wp-content\/uploads\/2025\/06\/TYPE-D-150x150.jpg 150w, https:\/\/www.excalibur-generator.com\/wp-content\/uploads\/2025\/06\/TYPE-D-100x100.jpg 100w, https:\/\/www.excalibur-generator.com\/wp-content\/uploads\/2025\/06\/TYPE-D.jpg 400w\" sizes=\"(max-width: 300px) 100vw, 300px\" \/><\/td>\n<td><img loading=\"lazy\" decoding=\"async\" class=\"alignnone wp-image-6669 size-medium\" src=\"https:\/\/www.excalibur-generator.com\/wp-content\/uploads\/2025\/06\/TYPE-E-300x300.jpg\" alt=\"TIPO E\" width=\"300\" height=\"300\" srcset=\"https:\/\/www.excalibur-generator.com\/wp-content\/uploads\/2025\/06\/TYPE-E-300x300.jpg 300w, https:\/\/www.excalibur-generator.com\/wp-content\/uploads\/2025\/06\/TYPE-E-150x150.jpg 150w, https:\/\/www.excalibur-generator.com\/wp-content\/uploads\/2025\/06\/TYPE-E-100x100.jpg 100w, https:\/\/www.excalibur-generator.com\/wp-content\/uploads\/2025\/06\/TYPE-E.jpg 400w\" sizes=\"(max-width: 300px) 100vw, 300px\" \/><\/td>\n<\/tr>\n<tr>\n<td>Motor Robin EY20 (5HP)<\/td>\n<td>Motor Honda GX160 (5,5 CV)<\/td>\n<td>Motor Diesel S173F (6HP)<\/td>\n<td>Tipo B<\/td>\n<td>Tipo C<\/td>\n<td>Tipo D<\/td>\n<td>Tipo E<\/td>\n<\/tr>\n<\/tbody>\n<\/table>\n<table>\n<tbody>\n<tr>\n<td colspan=\"2\">\n<p style=\"text-align: center;\">Op\u00e7\u00f5es de tipo de acoplamento<\/p>\n<\/td>\n<\/tr>\n<tr>\n<td><img loading=\"lazy\" decoding=\"async\" class=\"alignnone size-full wp-image-6690\" src=\"https:\/\/www.excalibur-generator.com\/wp-content\/uploads\/2025\/06\/coupling-1.webp\" alt=\"Acoplamento-1\" width=\"600\" height=\"400\" srcset=\"https:\/\/www.excalibur-generator.com\/wp-content\/uploads\/2025\/06\/coupling-1.webp 600w, https:\/\/www.excalibur-generator.com\/wp-content\/uploads\/2025\/06\/coupling-1-300x200.webp 300w\" sizes=\"(max-width: 600px) 100vw, 600px\" \/><\/td>\n<td><img loading=\"lazy\" decoding=\"async\" class=\"alignnone size-full wp-image-6694\" src=\"https:\/\/www.excalibur-generator.com\/wp-content\/uploads\/2025\/06\/Coupling-2.webp\" alt=\"Acoplamento-2\" width=\"800\" height=\"400\" srcset=\"https:\/\/www.excalibur-generator.com\/wp-content\/uploads\/2025\/06\/Coupling-2.webp 800w, https:\/\/www.excalibur-generator.com\/wp-content\/uploads\/2025\/06\/Coupling-2-300x150.webp 300w, https:\/\/www.excalibur-generator.com\/wp-content\/uploads\/2025\/06\/Coupling-2-768x384.webp 768w, https:\/\/www.excalibur-generator.com\/wp-content\/uploads\/2025\/06\/Coupling-2-600x300.webp 600w\" sizes=\"(max-width: 800px) 100vw, 800px\" \/><\/td>\n<\/tr>\n<\/tbody>\n<\/table>\n<table>\n<tbody>\n<tr>\n<td>Op\u00e7\u00f5es de mangueira vibrat\u00f3ria<\/td>\n<td>Tamanho da cabe\u00e7a do eixo<\/td>\n<td>28mm<\/td>\n<td>32mm<\/td>\n<td>38mm<\/td>\n<td>45mm<\/td>\n<td>50mm<\/td>\n<td>60mm<\/td>\n<\/tr>\n<tr>\n<td rowspan=\"7\">\n<p><img loading=\"lazy\" decoding=\"async\" class=\"alignnone size-full wp-image-6672\" src=\"https:\/\/www.excalibur-generator.com\/wp-content\/uploads\/2025\/06\/vibrator-hose-1.jpg\" alt=\"mangueira vibrat\u00f3ria\" width=\"800\" height=\"400\" srcset=\"https:\/\/www.excalibur-generator.com\/wp-content\/uploads\/2025\/06\/vibrator-hose-1.jpg 800w, https:\/\/www.excalibur-generator.com\/wp-content\/uploads\/2025\/06\/vibrator-hose-1-300x150.jpg 300w, https:\/\/www.excalibur-generator.com\/wp-content\/uploads\/2025\/06\/vibrator-hose-1-768x384.jpg 768w, https:\/\/www.excalibur-generator.com\/wp-content\/uploads\/2025\/06\/vibrator-hose-1-600x300.jpg 600w\" sizes=\"(max-width: 800px) 100vw, 800px\" \/><\/td>\n<td>Op\u00e7\u00f5es de comprimento do eixo (m)<\/td>\n<td colspan=\"6\">4M\/6M\/8M<\/td>\n<\/tr>\n<tr>\n<td>Cabe\u00e7a de vibra\u00e7\u00e3o (mm)<\/td>\n<td>28*470<\/td>\n<td>32*470<\/td>\n<td>38*470<\/td>\n<td>45*470<\/td>\n<td>50*470<\/td>\n<td>60*470<\/td>\n<\/tr>\n<tr>\n<td>Vibra\u00e7\u00e3o\/min<\/td>\n<td><\/td>\n<td><\/td>\n<td colspan=\"2\">9800-12000<\/td>\n<td><\/td>\n<td><\/td>\n<\/tr>\n<tr>\n<td>Velocidade de rota\u00e7\u00e3o do eixo<\/td>\n<td colspan=\"2\"><\/td>\n<td colspan=\"4\">3000-3600<\/td>\n<\/tr>\n<tr>\n<td>Amplitude (m\/min)<\/td>\n<td>0.8<\/td>\n<td>0.9<\/td>\n<td>  1.2<\/td>\n<td>  1.3<\/td>\n<td>  1.6<\/td>\n<td>2<\/td>\n<\/tr>\n<tr>\n<td>Peso da mangueira<\/td>\n<td>14<\/td>\n<td>16<\/td>\n<td>  18<\/td>\n<td>  19<\/td>\n<td>  20<\/td>\n<td>21<\/td>\n<\/tr>\n<tr>\n<td>Tamanho da embalagem da mangueira (mm)<\/td>\n<td><\/td>\n<td colspan=\"5\">870*660*80<\/td>\n<\/tr>\n<\/tbody>\n<\/table>\n<h2>Par\u00e2metros do produto<\/h2>\n<table>\n<tbody>\n<tr>\n<td>Modelo<\/td>\n<td>SV<\/td>\n<\/tr>\n<tr>\n<td rowspan=\"3\">Modelo do motor<\/td>\n<td>Motor Robin EY20 (5HP)<\/td>\n<\/tr>\n<tr>\n<td>Motor Honda GX160 (5,5 HP)<\/td>\n<\/tr>\n<tr>\n<td>Motor Diesel S173F (6HP)<\/td>\n<\/tr>\n<tr>\n<td rowspan=\"3\">Tipo de acoplamento<\/td>\n<td>Tipo de pino<\/td>\n<\/tr>\n<tr>\n<td>Tipo Mal\u00e1sia<\/td>\n<\/tr>\n<tr>\n<td>Tipo turco<\/td>\n<\/tr>\n<tr>\n<td>Capacidade do tanque de combust\u00edvel (L)<\/td>\n<td>3.8L<\/td>\n<\/tr>\n<tr>\n<td>Sistema de partidam<\/td>\n<td>Arranque de recuo<\/td>\n<\/tr>\n<tr>\n<td>Tamanho da embalagem (mm)<\/td>\n<td>515*380*515mm<\/td>\n<\/tr>\n<tr>\n<td>Peso l\u00edquido (KG)<\/td>\n<td>22<\/td>\n<\/tr>\n<\/tbody>\n<\/table>\n","protected":false},"excerpt":{"rendered":"<ul>\n<li>Compat\u00edvel com motores Robin, Honda ou diesel de at\u00e9 6 HP<\/li>\n<li>Oferece op\u00e7\u00f5es de acoplamento Pin, Mal\u00e1sia e Turquia para versatilidade<\/li>\n<li>Design compacto de 22 kg com tanque de 3,8 L e partida retr\u00e1til<\/li>\n<\/ul>\n","protected":false},"featured_media":6597,"comment_status":"open","ping_status":"closed","template":"","meta":{"site-sidebar-layout":"default","site-content-layout":"","ast-site-content-layout":"default","site-content-style":"default","site-sidebar-style":"default","ast-global-header-display":"","ast-banner-title-visibility":"","ast-main-header-display":"","ast-hfb-above-header-display":"","ast-hfb-below-header-display":"","ast-hfb-mobile-header-display":"","site-post-title":"","ast-breadcrumbs-content":"","ast-featured-img":"","footer-sml-layout":"","theme-transparent-header-meta":"default","adv-header-id-meta":"","stick-header-meta":"","header-above-stick-meta":"","header-main-stick-meta":"","header-below-stick-meta":"","astra-migrate-meta-layouts":"default","ast-page-background-enabled":"default","ast-page-background-meta":{"desktop":{"background-color":"var(--ast-global-color-4)","background-image":"","background-repeat":"repeat","background-position":"center center","background-size":"auto","background-attachment":"scroll","background-type":"","background-media":"","overlay-type":"","overlay-color":"","overlay-opacity":"","overlay-gradient":""},"tablet":{"background-color":"","background-image":"","background-repeat":"repeat","background-position":"center center","background-size":"auto","background-attachment":"scroll","background-type":"","background-media":"","overlay-type":"","overlay-color":"","overlay-opacity":"","overlay-gradient":""},"mobile":{"background-color":"","background-image":"","background-repeat":"repeat","background-position":"center center","background-size":"auto","background-attachment":"scroll","background-type":"","background-media":"","overlay-type":"","overlay-color":"","overlay-opacity":"","overlay-gradient":""}},"ast-content-background-meta":{"desktop":{"background-color":"var(--ast-global-color-5)","background-image":"","background-repeat":"repeat","background-position":"center center","background-size":"auto","background-attachment":"scroll","background-type":"","background-media":"","overlay-type":"","overlay-color":"","overlay-opacity":"","overlay-gradient":""},"tablet":{"background-color":"var(--ast-global-color-5)","background-image":"","background-repeat":"repeat","background-position":"center center","background-size":"auto","background-attachment":"scroll","background-type":"","background-media":"","overlay-type":"","overlay-color":"","overlay-opacity":"","overlay-gradient":""},"mobile":{"background-color":"var(--ast-global-color-5)","background-image":"","background-repeat":"repeat","background-position":"center center","background-size":"auto","background-attachment":"scroll","background-type":"","background-media":"","overlay-type":"","overlay-color":"","overlay-opacity":"","overlay-gradient":""}}},"product_brand":[],"product_cat":[67],"product_tag":[],"class_list":{"0":"post-6982","1":"product","2":"type-product","3":"status-publish","4":"has-post-thumbnail","6":"product_cat-sem-categoria","7":"desktop-align-left","8":"tablet-align-left","9":"mobile-align-left","11":"first","12":"instock","13":"shipping-taxable","14":"product-type-simple"},"yoast_head":"<!-- This site is optimized with the Yoast SEO plugin v26.5 - https:\/\/yoast.com\/wordpress\/plugins\/seo\/ -->\n<title>Vibrador de imers\u00e3o SV &#8211; Excalibur Generator<\/title>\n<meta name=\"description\" content=\"O vibrador SV Poker possui motores de 5 a 6 HP, tanque de combust\u00edvel de 3,8 L, partida manual e v\u00e1rios tipos de acoplamento para tarefas vers\u00e1teis de vibra\u00e7\u00e3o de concreto.\" \/>\n<meta name=\"robots\" content=\"index, follow, max-snippet:-1, max-image-preview:large, max-video-preview:-1\" \/>\n<link rel=\"canonical\" href=\"https:\/\/www.excalibur-generator.com\/pt-br\/vibrador-de-imersao-sv\/\" \/>\n<meta name=\"twitter:label1\" content=\"Est. tempo de leitura\" \/>\n\t<meta name=\"twitter:data1\" content=\"1 minuto\" \/>\n<script type=\"application\/ld+json\" class=\"yoast-schema-graph\">{\"@context\":\"https:\/\/schema.org\",\"@graph\":[{\"@type\":\"WebPage\",\"@id\":\"https:\/\/www.excalibur-generator.com\/pt-br\/vibrador-de-imersao-sv\/\",\"url\":\"https:\/\/www.excalibur-generator.com\/pt-br\/vibrador-de-imersao-sv\/\",\"name\":\"Vibrador de imers\u00e3o SV &#8211; Excalibur Generator\",\"isPartOf\":{\"@id\":\"https:\/\/www.excalibur-generator.com\/pt-br\/#website\"},\"primaryImageOfPage\":{\"@id\":\"https:\/\/www.excalibur-generator.com\/pt-br\/vibrador-de-imersao-sv\/#primaryimage\"},\"image\":{\"@id\":\"https:\/\/www.excalibur-generator.com\/pt-br\/vibrador-de-imersao-sv\/#primaryimage\"},\"thumbnailUrl\":\"https:\/\/www.excalibur-generator.com\/wp-content\/uploads\/2025\/06\/SV-Poker-Vibrator.jpg\",\"datePublished\":\"2025-06-25T02:53:46+00:00\",\"description\":\"O vibrador SV Poker possui motores de 5 a 6 HP, tanque de combust\u00edvel de 3,8 L, partida manual e v\u00e1rios tipos de acoplamento para tarefas vers\u00e1teis de vibra\u00e7\u00e3o de concreto.\",\"breadcrumb\":{\"@id\":\"https:\/\/www.excalibur-generator.com\/pt-br\/vibrador-de-imersao-sv\/#breadcrumb\"},\"inLanguage\":\"pt-BR\",\"potentialAction\":[{\"@type\":\"ReadAction\",\"target\":[\"https:\/\/www.excalibur-generator.com\/pt-br\/vibrador-de-imersao-sv\/\"]}]},{\"@type\":\"ImageObject\",\"inLanguage\":\"pt-BR\",\"@id\":\"https:\/\/www.excalibur-generator.com\/pt-br\/vibrador-de-imersao-sv\/#primaryimage\",\"url\":\"https:\/\/www.excalibur-generator.com\/wp-content\/uploads\/2025\/06\/SV-Poker-Vibrator.jpg\",\"contentUrl\":\"https:\/\/www.excalibur-generator.com\/wp-content\/uploads\/2025\/06\/SV-Poker-Vibrator.jpg\",\"width\":800,\"height\":800,\"caption\":\"Vibrador SV Poker\"},{\"@type\":\"BreadcrumbList\",\"@id\":\"https:\/\/www.excalibur-generator.com\/pt-br\/vibrador-de-imersao-sv\/#breadcrumb\",\"itemListElement\":[{\"@type\":\"ListItem\",\"position\":1,\"name\":\"Home\",\"item\":\"https:\/\/www.excalibur-generator.com\/pt-br\/\"},{\"@type\":\"ListItem\",\"position\":2,\"name\":\"Produtos\",\"item\":\"https:\/\/www.excalibur-generator.com\/pt-br\/produtos.html\"},{\"@type\":\"ListItem\",\"position\":3,\"name\":\"Vibrador de imers\u00e3o SV\"}]},{\"@type\":\"WebSite\",\"@id\":\"https:\/\/www.excalibur-generator.com\/pt-br\/#website\",\"url\":\"https:\/\/www.excalibur-generator.com\/pt-br\/\",\"name\":\"Excalibur Generator\",\"description\":\"\",\"publisher\":{\"@id\":\"https:\/\/www.excalibur-generator.com\/pt-br\/#organization\"},\"potentialAction\":[{\"@type\":\"SearchAction\",\"target\":{\"@type\":\"EntryPoint\",\"urlTemplate\":\"https:\/\/www.excalibur-generator.com\/pt-br\/?s={search_term_string}\"},\"query-input\":{\"@type\":\"PropertyValueSpecification\",\"valueRequired\":true,\"valueName\":\"search_term_string\"}}],\"inLanguage\":\"pt-BR\"},{\"@type\":\"Organization\",\"@id\":\"https:\/\/www.excalibur-generator.com\/pt-br\/#organization\",\"name\":\"Excalibur Generator\",\"url\":\"https:\/\/www.excalibur-generator.com\/pt-br\/\",\"logo\":{\"@type\":\"ImageObject\",\"inLanguage\":\"pt-BR\",\"@id\":\"https:\/\/www.excalibur-generator.com\/pt-br\/#\/schema\/logo\/image\/\",\"url\":\"https:\/\/www.excalibur-generator.com\/wp-content\/uploads\/2024\/05\/EXCALIBUR.png\",\"contentUrl\":\"https:\/\/www.excalibur-generator.com\/wp-content\/uploads\/2024\/05\/EXCALIBUR.png\",\"width\":350,\"height\":79,\"caption\":\"Excalibur Generator\"},\"image\":{\"@id\":\"https:\/\/www.excalibur-generator.com\/pt-br\/#\/schema\/logo\/image\/\"}}]}<\/script>\n<!-- \/ Yoast SEO plugin. -->","yoast_head_json":{"title":"Vibrador de imers\u00e3o SV &#8211; Excalibur Generator","description":"O vibrador SV Poker possui motores de 5 a 6 HP, tanque de combust\u00edvel de 3,8 L, partida manual e v\u00e1rios tipos de acoplamento para tarefas vers\u00e1teis de vibra\u00e7\u00e3o de concreto.","robots":{"index":"index","follow":"follow","max-snippet":"max-snippet:-1","max-image-preview":"max-image-preview:large","max-video-preview":"max-video-preview:-1"},"canonical":"https:\/\/www.excalibur-generator.com\/pt-br\/vibrador-de-imersao-sv\/","twitter_misc":{"Est. tempo de leitura":"1 minuto"},"schema":{"@context":"https:\/\/schema.org","@graph":[{"@type":"WebPage","@id":"https:\/\/www.excalibur-generator.com\/pt-br\/vibrador-de-imersao-sv\/","url":"https:\/\/www.excalibur-generator.com\/pt-br\/vibrador-de-imersao-sv\/","name":"Vibrador de imers\u00e3o SV &#8211; Excalibur Generator","isPartOf":{"@id":"https:\/\/www.excalibur-generator.com\/pt-br\/#website"},"primaryImageOfPage":{"@id":"https:\/\/www.excalibur-generator.com\/pt-br\/vibrador-de-imersao-sv\/#primaryimage"},"image":{"@id":"https:\/\/www.excalibur-generator.com\/pt-br\/vibrador-de-imersao-sv\/#primaryimage"},"thumbnailUrl":"https:\/\/www.excalibur-generator.com\/wp-content\/uploads\/2025\/06\/SV-Poker-Vibrator.jpg","datePublished":"2025-06-25T02:53:46+00:00","description":"O vibrador SV Poker possui motores de 5 a 6 HP, tanque de combust\u00edvel de 3,8 L, partida manual e v\u00e1rios tipos de acoplamento para tarefas vers\u00e1teis de vibra\u00e7\u00e3o de concreto.","breadcrumb":{"@id":"https:\/\/www.excalibur-generator.com\/pt-br\/vibrador-de-imersao-sv\/#breadcrumb"},"inLanguage":"pt-BR","potentialAction":[{"@type":"ReadAction","target":["https:\/\/www.excalibur-generator.com\/pt-br\/vibrador-de-imersao-sv\/"]}]},{"@type":"ImageObject","inLanguage":"pt-BR","@id":"https:\/\/www.excalibur-generator.com\/pt-br\/vibrador-de-imersao-sv\/#primaryimage","url":"https:\/\/www.excalibur-generator.com\/wp-content\/uploads\/2025\/06\/SV-Poker-Vibrator.jpg","contentUrl":"https:\/\/www.excalibur-generator.com\/wp-content\/uploads\/2025\/06\/SV-Poker-Vibrator.jpg","width":800,"height":800,"caption":"Vibrador SV Poker"},{"@type":"BreadcrumbList","@id":"https:\/\/www.excalibur-generator.com\/pt-br\/vibrador-de-imersao-sv\/#breadcrumb","itemListElement":[{"@type":"ListItem","position":1,"name":"Home","item":"https:\/\/www.excalibur-generator.com\/pt-br\/"},{"@type":"ListItem","position":2,"name":"Produtos","item":"https:\/\/www.excalibur-generator.com\/pt-br\/produtos.html"},{"@type":"ListItem","position":3,"name":"Vibrador de imers\u00e3o SV"}]},{"@type":"WebSite","@id":"https:\/\/www.excalibur-generator.com\/pt-br\/#website","url":"https:\/\/www.excalibur-generator.com\/pt-br\/","name":"Excalibur Generator","description":"","publisher":{"@id":"https:\/\/www.excalibur-generator.com\/pt-br\/#organization"},"potentialAction":[{"@type":"SearchAction","target":{"@type":"EntryPoint","urlTemplate":"https:\/\/www.excalibur-generator.com\/pt-br\/?s={search_term_string}"},"query-input":{"@type":"PropertyValueSpecification","valueRequired":true,"valueName":"search_term_string"}}],"inLanguage":"pt-BR"},{"@type":"Organization","@id":"https:\/\/www.excalibur-generator.com\/pt-br\/#organization","name":"Excalibur Generator","url":"https:\/\/www.excalibur-generator.com\/pt-br\/","logo":{"@type":"ImageObject","inLanguage":"pt-BR","@id":"https:\/\/www.excalibur-generator.com\/pt-br\/#\/schema\/logo\/image\/","url":"https:\/\/www.excalibur-generator.com\/wp-content\/uploads\/2024\/05\/EXCALIBUR.png","contentUrl":"https:\/\/www.excalibur-generator.com\/wp-content\/uploads\/2024\/05\/EXCALIBUR.png","width":350,"height":79,"caption":"Excalibur Generator"},"image":{"@id":"https:\/\/www.excalibur-generator.com\/pt-br\/#\/schema\/logo\/image\/"}}]}},"_links":{"self":[{"href":"https:\/\/www.excalibur-generator.com\/pt-br\/wp-json\/wp\/v2\/product\/6982","targetHints":{"allow":["GET"]}}],"collection":[{"href":"https:\/\/www.excalibur-generator.com\/pt-br\/wp-json\/wp\/v2\/product"}],"about":[{"href":"https:\/\/www.excalibur-generator.com\/pt-br\/wp-json\/wp\/v2\/types\/product"}],"replies":[{"embeddable":true,"href":"https:\/\/www.excalibur-generator.com\/pt-br\/wp-json\/wp\/v2\/comments?post=6982"}],"wp:featuredmedia":[{"embeddable":true,"href":"https:\/\/www.excalibur-generator.com\/pt-br\/wp-json\/wp\/v2\/media\/6597"}],"wp:attachment":[{"href":"https:\/\/www.excalibur-generator.com\/pt-br\/wp-json\/wp\/v2\/media?parent=6982"}],"wp:term":[{"taxonomy":"product_brand","embeddable":true,"href":"https:\/\/www.excalibur-generator.com\/pt-br\/wp-json\/wp\/v2\/product_brand?post=6982"},{"taxonomy":"product_cat","embeddable":true,"href":"https:\/\/www.excalibur-generator.com\/pt-br\/wp-json\/wp\/v2\/product_cat?post=6982"},{"taxonomy":"product_tag","embeddable":true,"href":"https:\/\/www.excalibur-generator.com\/pt-br\/wp-json\/wp\/v2\/product_tag?post=6982"}],"curies":[{"name":"wp","href":"https:\/\/api.w.org\/{rel}","templated":true}]}}