{"id":6983,"date":"2025-06-24T17:09:28","date_gmt":"2025-06-24T09:09:28","guid":{"rendered":"https:\/\/www.excalibur-generator.com\/maquina-de-corte-concreto-sct-4\/"},"modified":"2025-06-24T17:09:28","modified_gmt":"2025-06-24T09:09:28","slug":"maquina-de-corte-concreto-sct-4","status":"publish","type":"product","link":"https:\/\/www.excalibur-generator.com\/pt-br\/maquina-de-corte-concreto-sct-4\/","title":{"rendered":"Maquina de corte concreto SCT-4"},"content":{"rendered":"<table>\n<tbody>\n<tr>\n<td>Modelo<\/td>\n<td>SCT-4<\/td>\n<\/tr>\n<tr>\n<td>Profundidade m\u00e1xima de corte (cm)<\/td>\n<td>17<\/td>\n<\/tr>\n<tr>\n<td>Velocidade da l\u00e2mina rpm<\/td>\n<td>3600<\/td>\n<\/tr>\n<tr>\n<td>Tamanho da l\u00e2mina cm (pol.)<\/td>\n<td>40-50(16-20)<\/td>\n<\/tr>\n<tr>\n<td>Ajuste de profundidade<\/td>\n<td>Rota\u00e7\u00e3o da al\u00e7a<\/td>\n<\/tr>\n<tr>\n<td>Condu\u00e7\u00e3o<\/td>\n<td>Empurr\u00e3o manual<\/td>\n<\/tr>\n<tr>\n<td>Capacidade do tanque de \u00e1gua<\/td>\n<td>40L<\/td>\n<\/tr>\n<tr>\n<td>Sistema de partida<\/td>\n<td>Partida manual\/el\u00e9trica<\/td>\n<\/tr>\n<tr>\n<td>Tamanho da embalagem (C*L*A) mm<\/td>\n<td>1250*540*1050<\/td>\n<\/tr>\n<tr>\n<td>Peso l\u00edquido (KG)<\/td>\n<td>160<\/td>\n<\/tr>\n<tr>\n<td>Modelo do motor<\/td>\n<td>Motor a gasolina Robin EY28D (8HP)<br \/>\nMotor Honda GX390 (13HP)<br \/>\nMotor a diesel S186FAE (10HP)<\/td>\n<\/tr>\n<\/tbody>\n<\/table>\n","protected":false},"excerpt":{"rendered":"<ul>\n<li>Profundidade m\u00e1xima de corte 17 cm, tamanho da l\u00e2mina 40\u201350 cm<\/li>\n<li>Acionamento manual por impulso, controle de profundidade de rota\u00e7\u00e3o da al\u00e7a<\/li>\n<li>Suporta partida a gasolina e diesel; tanque de 40 L, peso de 160 kg<\/li>\n<\/ul>\n","protected":false},"featured_media":6576,"comment_status":"open","ping_status":"closed","template":"","meta":{"site-sidebar-layout":"default","site-content-layout":"","ast-site-content-layout":"default","site-content-style":"default","site-sidebar-style":"default","ast-global-header-display":"","ast-banner-title-visibility":"","ast-main-header-display":"","ast-hfb-above-header-display":"","ast-hfb-below-header-display":"","ast-hfb-mobile-header-display":"","site-post-title":"","ast-breadcrumbs-content":"","ast-featured-img":"","footer-sml-layout":"","theme-transparent-header-meta":"default","adv-header-id-meta":"","stick-header-meta":"","header-above-stick-meta":"","header-main-stick-meta":"","header-below-stick-meta":"","astra-migrate-meta-layouts":"default","ast-page-background-enabled":"default","ast-page-background-meta":{"desktop":{"background-color":"var(--ast-global-color-4)","background-image":"","background-repeat":"repeat","background-position":"center center","background-size":"auto","background-attachment":"scroll","background-type":"","background-media":"","overlay-type":"","overlay-color":"","overlay-opacity":"","overlay-gradient":""},"tablet":{"background-color":"","background-image":"","background-repeat":"repeat","background-position":"center center","background-size":"auto","background-attachment":"scroll","background-type":"","background-media":"","overlay-type":"","overlay-color":"","overlay-opacity":"","overlay-gradient":""},"mobile":{"background-color":"","background-image":"","background-repeat":"repeat","background-position":"center center","background-size":"auto","background-attachment":"scroll","background-type":"","background-media":"","overlay-type":"","overlay-color":"","overlay-opacity":"","overlay-gradient":""}},"ast-content-background-meta":{"desktop":{"background-color":"var(--ast-global-color-5)","background-image":"","background-repeat":"repeat","background-position":"center center","background-size":"auto","background-attachment":"scroll","background-type":"","background-media":"","overlay-type":"","overlay-color":"","overlay-opacity":"","overlay-gradient":""},"tablet":{"background-color":"var(--ast-global-color-5)","background-image":"","background-repeat":"repeat","background-position":"center center","background-size":"auto","background-attachment":"scroll","background-type":"","background-media":"","overlay-type":"","overlay-color":"","overlay-opacity":"","overlay-gradient":""},"mobile":{"background-color":"var(--ast-global-color-5)","background-image":"","background-repeat":"repeat","background-position":"center center","background-size":"auto","background-attachment":"scroll","background-type":"","background-media":"","overlay-type":"","overlay-color":"","overlay-opacity":"","overlay-gradient":""}}},"product_brand":[],"product_cat":[67],"product_tag":[],"class_list":{"0":"post-6983","1":"product","2":"type-product","3":"status-publish","4":"has-post-thumbnail","6":"product_cat-sem-categoria","7":"desktop-align-left","8":"tablet-align-left","9":"mobile-align-left","11":"first","12":"instock","13":"shipping-taxable","14":"product-type-simple"},"yoast_head":"<!-- This site is optimized with the Yoast SEO plugin v26.5 - https:\/\/yoast.com\/wordpress\/plugins\/seo\/ -->\n<title>Maquina de corte concreto SCT-4 &#8211; Excalibur Generator<\/title>\n<meta name=\"description\" content=\"A serra de concreto manual SCT-4 oferece profundidade de corte de 17 cm, acionamento manual e suporta op\u00e7\u00f5es de motor a gasolina ou diesel.\" \/>\n<meta name=\"robots\" content=\"index, follow, max-snippet:-1, max-image-preview:large, max-video-preview:-1\" \/>\n<link rel=\"canonical\" href=\"https:\/\/www.excalibur-generator.com\/pt-br\/maquina-de-corte-concreto-sct-4\/\" \/>\n<script type=\"application\/ld+json\" class=\"yoast-schema-graph\">{\"@context\":\"https:\/\/schema.org\",\"@graph\":[{\"@type\":\"WebPage\",\"@id\":\"https:\/\/www.excalibur-generator.com\/pt-br\/maquina-de-corte-concreto-sct-4\/\",\"url\":\"https:\/\/www.excalibur-generator.com\/pt-br\/maquina-de-corte-concreto-sct-4\/\",\"name\":\"Maquina de corte concreto SCT-4 &#8211; Excalibur Generator\",\"isPartOf\":{\"@id\":\"https:\/\/www.excalibur-generator.com\/pt-br\/#website\"},\"primaryImageOfPage\":{\"@id\":\"https:\/\/www.excalibur-generator.com\/pt-br\/maquina-de-corte-concreto-sct-4\/#primaryimage\"},\"image\":{\"@id\":\"https:\/\/www.excalibur-generator.com\/pt-br\/maquina-de-corte-concreto-sct-4\/#primaryimage\"},\"thumbnailUrl\":\"https:\/\/www.excalibur-generator.com\/wp-content\/uploads\/2025\/06\/SCT-4-Walk-Behind-Concrete-Saw.jpg\",\"datePublished\":\"2025-06-24T09:09:28+00:00\",\"description\":\"A serra de concreto manual SCT-4 oferece profundidade de corte de 17 cm, acionamento manual e suporta op\u00e7\u00f5es de motor a gasolina ou diesel.\",\"breadcrumb\":{\"@id\":\"https:\/\/www.excalibur-generator.com\/pt-br\/maquina-de-corte-concreto-sct-4\/#breadcrumb\"},\"inLanguage\":\"pt-BR\",\"potentialAction\":[{\"@type\":\"ReadAction\",\"target\":[\"https:\/\/www.excalibur-generator.com\/pt-br\/maquina-de-corte-concreto-sct-4\/\"]}]},{\"@type\":\"ImageObject\",\"inLanguage\":\"pt-BR\",\"@id\":\"https:\/\/www.excalibur-generator.com\/pt-br\/maquina-de-corte-concreto-sct-4\/#primaryimage\",\"url\":\"https:\/\/www.excalibur-generator.com\/wp-content\/uploads\/2025\/06\/SCT-4-Walk-Behind-Concrete-Saw.jpg\",\"contentUrl\":\"https:\/\/www.excalibur-generator.com\/wp-content\/uploads\/2025\/06\/SCT-4-Walk-Behind-Concrete-Saw.jpg\",\"width\":800,\"height\":800,\"caption\":\"Serra de concreto manual SCT-4\"},{\"@type\":\"BreadcrumbList\",\"@id\":\"https:\/\/www.excalibur-generator.com\/pt-br\/maquina-de-corte-concreto-sct-4\/#breadcrumb\",\"itemListElement\":[{\"@type\":\"ListItem\",\"position\":1,\"name\":\"Home\",\"item\":\"https:\/\/www.excalibur-generator.com\/pt-br\/\"},{\"@type\":\"ListItem\",\"position\":2,\"name\":\"Produtos\",\"item\":\"https:\/\/www.excalibur-generator.com\/pt-br\/produtos.html\"},{\"@type\":\"ListItem\",\"position\":3,\"name\":\"Maquina de corte concreto SCT-4\"}]},{\"@type\":\"WebSite\",\"@id\":\"https:\/\/www.excalibur-generator.com\/pt-br\/#website\",\"url\":\"https:\/\/www.excalibur-generator.com\/pt-br\/\",\"name\":\"Excalibur Generator\",\"description\":\"\",\"publisher\":{\"@id\":\"https:\/\/www.excalibur-generator.com\/pt-br\/#organization\"},\"potentialAction\":[{\"@type\":\"SearchAction\",\"target\":{\"@type\":\"EntryPoint\",\"urlTemplate\":\"https:\/\/www.excalibur-generator.com\/pt-br\/?s={search_term_string}\"},\"query-input\":{\"@type\":\"PropertyValueSpecification\",\"valueRequired\":true,\"valueName\":\"search_term_string\"}}],\"inLanguage\":\"pt-BR\"},{\"@type\":\"Organization\",\"@id\":\"https:\/\/www.excalibur-generator.com\/pt-br\/#organization\",\"name\":\"Excalibur Generator\",\"url\":\"https:\/\/www.excalibur-generator.com\/pt-br\/\",\"logo\":{\"@type\":\"ImageObject\",\"inLanguage\":\"pt-BR\",\"@id\":\"https:\/\/www.excalibur-generator.com\/pt-br\/#\/schema\/logo\/image\/\",\"url\":\"https:\/\/www.excalibur-generator.com\/wp-content\/uploads\/2024\/05\/EXCALIBUR.png\",\"contentUrl\":\"https:\/\/www.excalibur-generator.com\/wp-content\/uploads\/2024\/05\/EXCALIBUR.png\",\"width\":350,\"height\":79,\"caption\":\"Excalibur Generator\"},\"image\":{\"@id\":\"https:\/\/www.excalibur-generator.com\/pt-br\/#\/schema\/logo\/image\/\"}}]}<\/script>\n<!-- \/ Yoast SEO plugin. -->","yoast_head_json":{"title":"Maquina de corte concreto SCT-4 &#8211; Excalibur Generator","description":"A serra de concreto manual SCT-4 oferece profundidade de corte de 17 cm, acionamento manual e suporta op\u00e7\u00f5es de motor a gasolina ou diesel.","robots":{"index":"index","follow":"follow","max-snippet":"max-snippet:-1","max-image-preview":"max-image-preview:large","max-video-preview":"max-video-preview:-1"},"canonical":"https:\/\/www.excalibur-generator.com\/pt-br\/maquina-de-corte-concreto-sct-4\/","schema":{"@context":"https:\/\/schema.org","@graph":[{"@type":"WebPage","@id":"https:\/\/www.excalibur-generator.com\/pt-br\/maquina-de-corte-concreto-sct-4\/","url":"https:\/\/www.excalibur-generator.com\/pt-br\/maquina-de-corte-concreto-sct-4\/","name":"Maquina de corte concreto SCT-4 &#8211; Excalibur Generator","isPartOf":{"@id":"https:\/\/www.excalibur-generator.com\/pt-br\/#website"},"primaryImageOfPage":{"@id":"https:\/\/www.excalibur-generator.com\/pt-br\/maquina-de-corte-concreto-sct-4\/#primaryimage"},"image":{"@id":"https:\/\/www.excalibur-generator.com\/pt-br\/maquina-de-corte-concreto-sct-4\/#primaryimage"},"thumbnailUrl":"https:\/\/www.excalibur-generator.com\/wp-content\/uploads\/2025\/06\/SCT-4-Walk-Behind-Concrete-Saw.jpg","datePublished":"2025-06-24T09:09:28+00:00","description":"A serra de concreto manual SCT-4 oferece profundidade de corte de 17 cm, acionamento manual e suporta op\u00e7\u00f5es de motor a gasolina ou diesel.","breadcrumb":{"@id":"https:\/\/www.excalibur-generator.com\/pt-br\/maquina-de-corte-concreto-sct-4\/#breadcrumb"},"inLanguage":"pt-BR","potentialAction":[{"@type":"ReadAction","target":["https:\/\/www.excalibur-generator.com\/pt-br\/maquina-de-corte-concreto-sct-4\/"]}]},{"@type":"ImageObject","inLanguage":"pt-BR","@id":"https:\/\/www.excalibur-generator.com\/pt-br\/maquina-de-corte-concreto-sct-4\/#primaryimage","url":"https:\/\/www.excalibur-generator.com\/wp-content\/uploads\/2025\/06\/SCT-4-Walk-Behind-Concrete-Saw.jpg","contentUrl":"https:\/\/www.excalibur-generator.com\/wp-content\/uploads\/2025\/06\/SCT-4-Walk-Behind-Concrete-Saw.jpg","width":800,"height":800,"caption":"Serra de concreto manual SCT-4"},{"@type":"BreadcrumbList","@id":"https:\/\/www.excalibur-generator.com\/pt-br\/maquina-de-corte-concreto-sct-4\/#breadcrumb","itemListElement":[{"@type":"ListItem","position":1,"name":"Home","item":"https:\/\/www.excalibur-generator.com\/pt-br\/"},{"@type":"ListItem","position":2,"name":"Produtos","item":"https:\/\/www.excalibur-generator.com\/pt-br\/produtos.html"},{"@type":"ListItem","position":3,"name":"Maquina de corte concreto SCT-4"}]},{"@type":"WebSite","@id":"https:\/\/www.excalibur-generator.com\/pt-br\/#website","url":"https:\/\/www.excalibur-generator.com\/pt-br\/","name":"Excalibur Generator","description":"","publisher":{"@id":"https:\/\/www.excalibur-generator.com\/pt-br\/#organization"},"potentialAction":[{"@type":"SearchAction","target":{"@type":"EntryPoint","urlTemplate":"https:\/\/www.excalibur-generator.com\/pt-br\/?s={search_term_string}"},"query-input":{"@type":"PropertyValueSpecification","valueRequired":true,"valueName":"search_term_string"}}],"inLanguage":"pt-BR"},{"@type":"Organization","@id":"https:\/\/www.excalibur-generator.com\/pt-br\/#organization","name":"Excalibur Generator","url":"https:\/\/www.excalibur-generator.com\/pt-br\/","logo":{"@type":"ImageObject","inLanguage":"pt-BR","@id":"https:\/\/www.excalibur-generator.com\/pt-br\/#\/schema\/logo\/image\/","url":"https:\/\/www.excalibur-generator.com\/wp-content\/uploads\/2024\/05\/EXCALIBUR.png","contentUrl":"https:\/\/www.excalibur-generator.com\/wp-content\/uploads\/2024\/05\/EXCALIBUR.png","width":350,"height":79,"caption":"Excalibur Generator"},"image":{"@id":"https:\/\/www.excalibur-generator.com\/pt-br\/#\/schema\/logo\/image\/"}}]}},"_links":{"self":[{"href":"https:\/\/www.excalibur-generator.com\/pt-br\/wp-json\/wp\/v2\/product\/6983","targetHints":{"allow":["GET"]}}],"collection":[{"href":"https:\/\/www.excalibur-generator.com\/pt-br\/wp-json\/wp\/v2\/product"}],"about":[{"href":"https:\/\/www.excalibur-generator.com\/pt-br\/wp-json\/wp\/v2\/types\/product"}],"replies":[{"embeddable":true,"href":"https:\/\/www.excalibur-generator.com\/pt-br\/wp-json\/wp\/v2\/comments?post=6983"}],"wp:featuredmedia":[{"embeddable":true,"href":"https:\/\/www.excalibur-generator.com\/pt-br\/wp-json\/wp\/v2\/media\/6576"}],"wp:attachment":[{"href":"https:\/\/www.excalibur-generator.com\/pt-br\/wp-json\/wp\/v2\/media?parent=6983"}],"wp:term":[{"taxonomy":"product_brand","embeddable":true,"href":"https:\/\/www.excalibur-generator.com\/pt-br\/wp-json\/wp\/v2\/product_brand?post=6983"},{"taxonomy":"product_cat","embeddable":true,"href":"https:\/\/www.excalibur-generator.com\/pt-br\/wp-json\/wp\/v2\/product_cat?post=6983"},{"taxonomy":"product_tag","embeddable":true,"href":"https:\/\/www.excalibur-generator.com\/pt-br\/wp-json\/wp\/v2\/product_tag?post=6983"}],"curies":[{"name":"wp","href":"https:\/\/api.w.org\/{rel}","templated":true}]}}