{"id":6988,"date":"2025-06-24T15:45:33","date_gmt":"2025-06-24T07:45:33","guid":{"rendered":"https:\/\/www.excalibur-generator.com\/alisadora-de-concreto-com-operador-embarcado-vs1046h\/"},"modified":"2025-06-24T15:45:33","modified_gmt":"2025-06-24T07:45:33","slug":"alisadora-de-concreto-com-operador-embarcado-vs1046h","status":"publish","type":"product","link":"https:\/\/www.excalibur-generator.com\/pt-br\/alisadora-de-concreto-com-operador-embarcado-vs1046h\/","title":{"rendered":"Alisadora de concreto com operador embarcado VS1046h"},"content":{"rendered":"<table>\n<tbody>\n<tr>\n<td>TIPO<\/td>\n<td>VS1046H<\/td>\n<\/tr>\n<tr>\n<td>TIPO DE MOTOR<\/td>\n<td>BRIGGS &amp; STRATTON<\/td>\n<\/tr>\n<tr>\n<td>PODER<\/td>\n<td>25.4KW<\/td>\n<\/tr>\n<tr>\n<td>MODO DE IN\u00cdCIO<\/td>\n<td>PARTIDA EL\u00c9TRICA<\/td>\n<\/tr>\n<tr>\n<td>TIPO DE COMBUST\u00cdVEL<\/td>\n<td>MAIOR QUE 90#GASOLINA<\/td>\n<\/tr>\n<tr>\n<td>TANQUE DE COMBUST\u00cdVEL<\/td>\n<td>25L<\/td>\n<\/tr>\n<tr>\n<td>TANQUE DE INVERNO<\/td>\n<td>25L<\/td>\n<\/tr>\n<tr>\n<td>MODO DE CONDU\u00c7\u00c3O<\/td>\n<td>ACIONAMENTO HIDR\u00c1ULICO<\/td>\n<\/tr>\n<tr>\n<td>DI\u00c2METRO DE TRABALHO<\/td>\n<td>120CM*2<\/td>\n<\/tr>\n<tr>\n<td>VELOCIDADE DE TRABALHO<\/td>\n<td>150RPM MAX<\/td>\n<\/tr>\n<tr>\n<td>QUANTIDADE DE L\u00c2MINAS<\/td>\n<td>5*2<\/td>\n<\/tr>\n<tr>\n<td>MATERIAL DA L\u00c2MINA<\/td>\n<td>65Mn<\/td>\n<\/tr>\n<tr>\n<td>TAMANHO DA L\u00c2MINA<\/td>\n<td>450MM(L)\u00d7200MM(W)<\/td>\n<\/tr>\n<tr>\n<td>DIMENS\u00c3O DO ESBO\u00c7O<\/td>\n<td>2.54M*1.30M*1.52M<\/td>\n<\/tr>\n<tr>\n<td>TAMANHO DA EMBALAGEM<\/td>\n<td>2.65M*1.4,*1.6M<\/td>\n<\/tr>\n<tr>\n<td>PESO L\u00cdQUIDO<\/td>\n<td>580KGS<\/td>\n<\/tr>\n<tr>\n<td>PESO DA EMBALAGEM<\/td>\n<td>680KGS<\/td>\n<\/tr>\n<\/tbody>\n<\/table>\n","protected":false},"excerpt":{"rendered":"<ul>\n<li>Motor BRIGGS &amp; STRATTON de 25,4 kW<\/li>\n<li>Equipado com 10 l\u00e2minas, material 65Mn<\/li>\n<li>O sistema de acionamento hidr\u00e1ulico garante um movimento suave<\/li>\n<\/ul>\n","protected":false},"featured_media":6538,"comment_status":"open","ping_status":"closed","template":"","meta":{"site-sidebar-layout":"default","site-content-layout":"","ast-site-content-layout":"default","site-content-style":"default","site-sidebar-style":"default","ast-global-header-display":"","ast-banner-title-visibility":"","ast-main-header-display":"","ast-hfb-above-header-display":"","ast-hfb-below-header-display":"","ast-hfb-mobile-header-display":"","site-post-title":"","ast-breadcrumbs-content":"","ast-featured-img":"","footer-sml-layout":"","theme-transparent-header-meta":"default","adv-header-id-meta":"","stick-header-meta":"","header-above-stick-meta":"","header-main-stick-meta":"","header-below-stick-meta":"","astra-migrate-meta-layouts":"default","ast-page-background-enabled":"default","ast-page-background-meta":{"desktop":{"background-color":"var(--ast-global-color-4)","background-image":"","background-repeat":"repeat","background-position":"center center","background-size":"auto","background-attachment":"scroll","background-type":"","background-media":"","overlay-type":"","overlay-color":"","overlay-opacity":"","overlay-gradient":""},"tablet":{"background-color":"","background-image":"","background-repeat":"repeat","background-position":"center center","background-size":"auto","background-attachment":"scroll","background-type":"","background-media":"","overlay-type":"","overlay-color":"","overlay-opacity":"","overlay-gradient":""},"mobile":{"background-color":"","background-image":"","background-repeat":"repeat","background-position":"center center","background-size":"auto","background-attachment":"scroll","background-type":"","background-media":"","overlay-type":"","overlay-color":"","overlay-opacity":"","overlay-gradient":""}},"ast-content-background-meta":{"desktop":{"background-color":"var(--ast-global-color-5)","background-image":"","background-repeat":"repeat","background-position":"center center","background-size":"auto","background-attachment":"scroll","background-type":"","background-media":"","overlay-type":"","overlay-color":"","overlay-opacity":"","overlay-gradient":""},"tablet":{"background-color":"var(--ast-global-color-5)","background-image":"","background-repeat":"repeat","background-position":"center center","background-size":"auto","background-attachment":"scroll","background-type":"","background-media":"","overlay-type":"","overlay-color":"","overlay-opacity":"","overlay-gradient":""},"mobile":{"background-color":"var(--ast-global-color-5)","background-image":"","background-repeat":"repeat","background-position":"center center","background-size":"auto","background-attachment":"scroll","background-type":"","background-media":"","overlay-type":"","overlay-color":"","overlay-opacity":"","overlay-gradient":""}}},"product_brand":[],"product_cat":[67],"product_tag":[78],"class_list":{"0":"post-6988","1":"product","2":"type-product","3":"status-publish","4":"has-post-thumbnail","6":"product_cat-sem-categoria","7":"product_tag-alisadora-de-concreto-com-operador-embarcado","8":"desktop-align-left","9":"tablet-align-left","10":"mobile-align-left","12":"first","13":"instock","14":"shipping-taxable","15":"product-type-simple"},"yoast_head":"<!-- This site is optimized with the Yoast SEO plugin v26.5 - https:\/\/yoast.com\/wordpress\/plugins\/seo\/ -->\n<title>Alisadora de concreto com operador embarcado VS1046h &#8211; Excalibur Generator<\/title>\n<meta name=\"description\" content=\"A alisadora el\u00e9trica VS1046H possui um motor de 25,4 kW, acionamento hidr\u00e1ulico, duas bandejas de 120 cm e 10 l\u00e2minas dur\u00e1veis \u200b\u200bde 65 mm.\" \/>\n<meta name=\"robots\" content=\"index, follow, max-snippet:-1, max-image-preview:large, max-video-preview:-1\" \/>\n<link rel=\"canonical\" href=\"https:\/\/www.excalibur-generator.com\/pt-br\/alisadora-de-concreto-com-operador-embarcado-vs1046h\/\" \/>\n<script type=\"application\/ld+json\" class=\"yoast-schema-graph\">{\"@context\":\"https:\/\/schema.org\",\"@graph\":[{\"@type\":\"WebPage\",\"@id\":\"https:\/\/www.excalibur-generator.com\/pt-br\/alisadora-de-concreto-com-operador-embarcado-vs1046h\/\",\"url\":\"https:\/\/www.excalibur-generator.com\/pt-br\/alisadora-de-concreto-com-operador-embarcado-vs1046h\/\",\"name\":\"Alisadora de concreto com operador embarcado VS1046h &#8211; Excalibur Generator\",\"isPartOf\":{\"@id\":\"https:\/\/www.excalibur-generator.com\/pt-br\/#website\"},\"primaryImageOfPage\":{\"@id\":\"https:\/\/www.excalibur-generator.com\/pt-br\/alisadora-de-concreto-com-operador-embarcado-vs1046h\/#primaryimage\"},\"image\":{\"@id\":\"https:\/\/www.excalibur-generator.com\/pt-br\/alisadora-de-concreto-com-operador-embarcado-vs1046h\/#primaryimage\"},\"thumbnailUrl\":\"https:\/\/www.excalibur-generator.com\/wp-content\/uploads\/2025\/06\/VS1046H-Ride-on-Power-Trowel.jpg\",\"datePublished\":\"2025-06-24T07:45:33+00:00\",\"description\":\"A alisadora el\u00e9trica VS1046H possui um motor de 25,4 kW, acionamento hidr\u00e1ulico, duas bandejas de 120 cm e 10 l\u00e2minas dur\u00e1veis \u200b\u200bde 65 mm.\",\"breadcrumb\":{\"@id\":\"https:\/\/www.excalibur-generator.com\/pt-br\/alisadora-de-concreto-com-operador-embarcado-vs1046h\/#breadcrumb\"},\"inLanguage\":\"pt-BR\",\"potentialAction\":[{\"@type\":\"ReadAction\",\"target\":[\"https:\/\/www.excalibur-generator.com\/pt-br\/alisadora-de-concreto-com-operador-embarcado-vs1046h\/\"]}]},{\"@type\":\"ImageObject\",\"inLanguage\":\"pt-BR\",\"@id\":\"https:\/\/www.excalibur-generator.com\/pt-br\/alisadora-de-concreto-com-operador-embarcado-vs1046h\/#primaryimage\",\"url\":\"https:\/\/www.excalibur-generator.com\/wp-content\/uploads\/2025\/06\/VS1046H-Ride-on-Power-Trowel.jpg\",\"contentUrl\":\"https:\/\/www.excalibur-generator.com\/wp-content\/uploads\/2025\/06\/VS1046H-Ride-on-Power-Trowel.jpg\",\"width\":800,\"height\":800,\"caption\":\"Alisadora el\u00e9trica VS1046H com operador sentado\"},{\"@type\":\"BreadcrumbList\",\"@id\":\"https:\/\/www.excalibur-generator.com\/pt-br\/alisadora-de-concreto-com-operador-embarcado-vs1046h\/#breadcrumb\",\"itemListElement\":[{\"@type\":\"ListItem\",\"position\":1,\"name\":\"Home\",\"item\":\"https:\/\/www.excalibur-generator.com\/pt-br\/\"},{\"@type\":\"ListItem\",\"position\":2,\"name\":\"Produtos\",\"item\":\"https:\/\/www.excalibur-generator.com\/pt-br\/produtos.html\"},{\"@type\":\"ListItem\",\"position\":3,\"name\":\"Alisadora de concreto com operador embarcado VS1046h\"}]},{\"@type\":\"WebSite\",\"@id\":\"https:\/\/www.excalibur-generator.com\/pt-br\/#website\",\"url\":\"https:\/\/www.excalibur-generator.com\/pt-br\/\",\"name\":\"Excalibur Generator\",\"description\":\"\",\"publisher\":{\"@id\":\"https:\/\/www.excalibur-generator.com\/pt-br\/#organization\"},\"potentialAction\":[{\"@type\":\"SearchAction\",\"target\":{\"@type\":\"EntryPoint\",\"urlTemplate\":\"https:\/\/www.excalibur-generator.com\/pt-br\/?s={search_term_string}\"},\"query-input\":{\"@type\":\"PropertyValueSpecification\",\"valueRequired\":true,\"valueName\":\"search_term_string\"}}],\"inLanguage\":\"pt-BR\"},{\"@type\":\"Organization\",\"@id\":\"https:\/\/www.excalibur-generator.com\/pt-br\/#organization\",\"name\":\"Excalibur Generator\",\"url\":\"https:\/\/www.excalibur-generator.com\/pt-br\/\",\"logo\":{\"@type\":\"ImageObject\",\"inLanguage\":\"pt-BR\",\"@id\":\"https:\/\/www.excalibur-generator.com\/pt-br\/#\/schema\/logo\/image\/\",\"url\":\"https:\/\/www.excalibur-generator.com\/wp-content\/uploads\/2024\/05\/EXCALIBUR.png\",\"contentUrl\":\"https:\/\/www.excalibur-generator.com\/wp-content\/uploads\/2024\/05\/EXCALIBUR.png\",\"width\":350,\"height\":79,\"caption\":\"Excalibur Generator\"},\"image\":{\"@id\":\"https:\/\/www.excalibur-generator.com\/pt-br\/#\/schema\/logo\/image\/\"}}]}<\/script>\n<!-- \/ Yoast SEO plugin. -->","yoast_head_json":{"title":"Alisadora de concreto com operador embarcado VS1046h &#8211; Excalibur Generator","description":"A alisadora el\u00e9trica VS1046H possui um motor de 25,4 kW, acionamento hidr\u00e1ulico, duas bandejas de 120 cm e 10 l\u00e2minas dur\u00e1veis \u200b\u200bde 65 mm.","robots":{"index":"index","follow":"follow","max-snippet":"max-snippet:-1","max-image-preview":"max-image-preview:large","max-video-preview":"max-video-preview:-1"},"canonical":"https:\/\/www.excalibur-generator.com\/pt-br\/alisadora-de-concreto-com-operador-embarcado-vs1046h\/","schema":{"@context":"https:\/\/schema.org","@graph":[{"@type":"WebPage","@id":"https:\/\/www.excalibur-generator.com\/pt-br\/alisadora-de-concreto-com-operador-embarcado-vs1046h\/","url":"https:\/\/www.excalibur-generator.com\/pt-br\/alisadora-de-concreto-com-operador-embarcado-vs1046h\/","name":"Alisadora de concreto com operador embarcado VS1046h &#8211; Excalibur Generator","isPartOf":{"@id":"https:\/\/www.excalibur-generator.com\/pt-br\/#website"},"primaryImageOfPage":{"@id":"https:\/\/www.excalibur-generator.com\/pt-br\/alisadora-de-concreto-com-operador-embarcado-vs1046h\/#primaryimage"},"image":{"@id":"https:\/\/www.excalibur-generator.com\/pt-br\/alisadora-de-concreto-com-operador-embarcado-vs1046h\/#primaryimage"},"thumbnailUrl":"https:\/\/www.excalibur-generator.com\/wp-content\/uploads\/2025\/06\/VS1046H-Ride-on-Power-Trowel.jpg","datePublished":"2025-06-24T07:45:33+00:00","description":"A alisadora el\u00e9trica VS1046H possui um motor de 25,4 kW, acionamento hidr\u00e1ulico, duas bandejas de 120 cm e 10 l\u00e2minas dur\u00e1veis \u200b\u200bde 65 mm.","breadcrumb":{"@id":"https:\/\/www.excalibur-generator.com\/pt-br\/alisadora-de-concreto-com-operador-embarcado-vs1046h\/#breadcrumb"},"inLanguage":"pt-BR","potentialAction":[{"@type":"ReadAction","target":["https:\/\/www.excalibur-generator.com\/pt-br\/alisadora-de-concreto-com-operador-embarcado-vs1046h\/"]}]},{"@type":"ImageObject","inLanguage":"pt-BR","@id":"https:\/\/www.excalibur-generator.com\/pt-br\/alisadora-de-concreto-com-operador-embarcado-vs1046h\/#primaryimage","url":"https:\/\/www.excalibur-generator.com\/wp-content\/uploads\/2025\/06\/VS1046H-Ride-on-Power-Trowel.jpg","contentUrl":"https:\/\/www.excalibur-generator.com\/wp-content\/uploads\/2025\/06\/VS1046H-Ride-on-Power-Trowel.jpg","width":800,"height":800,"caption":"Alisadora el\u00e9trica VS1046H com operador sentado"},{"@type":"BreadcrumbList","@id":"https:\/\/www.excalibur-generator.com\/pt-br\/alisadora-de-concreto-com-operador-embarcado-vs1046h\/#breadcrumb","itemListElement":[{"@type":"ListItem","position":1,"name":"Home","item":"https:\/\/www.excalibur-generator.com\/pt-br\/"},{"@type":"ListItem","position":2,"name":"Produtos","item":"https:\/\/www.excalibur-generator.com\/pt-br\/produtos.html"},{"@type":"ListItem","position":3,"name":"Alisadora de concreto com operador embarcado VS1046h"}]},{"@type":"WebSite","@id":"https:\/\/www.excalibur-generator.com\/pt-br\/#website","url":"https:\/\/www.excalibur-generator.com\/pt-br\/","name":"Excalibur Generator","description":"","publisher":{"@id":"https:\/\/www.excalibur-generator.com\/pt-br\/#organization"},"potentialAction":[{"@type":"SearchAction","target":{"@type":"EntryPoint","urlTemplate":"https:\/\/www.excalibur-generator.com\/pt-br\/?s={search_term_string}"},"query-input":{"@type":"PropertyValueSpecification","valueRequired":true,"valueName":"search_term_string"}}],"inLanguage":"pt-BR"},{"@type":"Organization","@id":"https:\/\/www.excalibur-generator.com\/pt-br\/#organization","name":"Excalibur Generator","url":"https:\/\/www.excalibur-generator.com\/pt-br\/","logo":{"@type":"ImageObject","inLanguage":"pt-BR","@id":"https:\/\/www.excalibur-generator.com\/pt-br\/#\/schema\/logo\/image\/","url":"https:\/\/www.excalibur-generator.com\/wp-content\/uploads\/2024\/05\/EXCALIBUR.png","contentUrl":"https:\/\/www.excalibur-generator.com\/wp-content\/uploads\/2024\/05\/EXCALIBUR.png","width":350,"height":79,"caption":"Excalibur Generator"},"image":{"@id":"https:\/\/www.excalibur-generator.com\/pt-br\/#\/schema\/logo\/image\/"}}]}},"_links":{"self":[{"href":"https:\/\/www.excalibur-generator.com\/pt-br\/wp-json\/wp\/v2\/product\/6988","targetHints":{"allow":["GET"]}}],"collection":[{"href":"https:\/\/www.excalibur-generator.com\/pt-br\/wp-json\/wp\/v2\/product"}],"about":[{"href":"https:\/\/www.excalibur-generator.com\/pt-br\/wp-json\/wp\/v2\/types\/product"}],"replies":[{"embeddable":true,"href":"https:\/\/www.excalibur-generator.com\/pt-br\/wp-json\/wp\/v2\/comments?post=6988"}],"wp:featuredmedia":[{"embeddable":true,"href":"https:\/\/www.excalibur-generator.com\/pt-br\/wp-json\/wp\/v2\/media\/6538"}],"wp:attachment":[{"href":"https:\/\/www.excalibur-generator.com\/pt-br\/wp-json\/wp\/v2\/media?parent=6988"}],"wp:term":[{"taxonomy":"product_brand","embeddable":true,"href":"https:\/\/www.excalibur-generator.com\/pt-br\/wp-json\/wp\/v2\/product_brand?post=6988"},{"taxonomy":"product_cat","embeddable":true,"href":"https:\/\/www.excalibur-generator.com\/pt-br\/wp-json\/wp\/v2\/product_cat?post=6988"},{"taxonomy":"product_tag","embeddable":true,"href":"https:\/\/www.excalibur-generator.com\/pt-br\/wp-json\/wp\/v2\/product_tag?post=6988"}],"curies":[{"name":"wp","href":"https:\/\/api.w.org\/{rel}","templated":true}]}}