{"id":6990,"date":"2025-06-23T17:07:52","date_gmt":"2025-06-23T09:07:52","guid":{"rendered":"https:\/\/www.excalibur-generator.com\/alisadora-de-concreto-com-operador-embarcado-vs836\/"},"modified":"2025-06-23T17:07:52","modified_gmt":"2025-06-23T09:07:52","slug":"alisadora-de-concreto-com-operador-embarcado-vs836","status":"publish","type":"product","link":"https:\/\/www.excalibur-generator.com\/pt-br\/alisadora-de-concreto-com-operador-embarcado-vs836\/","title":{"rendered":"Alisadora de concreto com operador embarcado VS836"},"content":{"rendered":"<table>\n<tbody>\n<tr>\n<td>Modelo<\/td>\n<td>VS836<\/td>\n<\/tr>\n<tr>\n<td>Dimens\u00e3o (mm)<\/td>\n<td>2000(L)\u00d71000(W)\u00d71350(H)<\/td>\n<\/tr>\n<tr>\n<td>Peso total<\/td>\n<td>360Kg<\/td>\n<\/tr>\n<tr>\n<td>Velocidade da l\u00e2mina (m\u00e1x.)<\/td>\n<td>150 rpm \u00b1 10 rpm (quando o motor est\u00e1 a 3600 rpm)<\/td>\n<\/tr>\n<tr>\n<td>Motor<\/td>\n<td>HONDA GX690<\/td>\n<\/tr>\n<tr>\n<td>Tipo de combust\u00edvel<\/td>\n<td>Gasolina superior a 90#<\/td>\n<\/tr>\n<tr>\n<td>\u00d3leo lubrificante do motor<\/td>\n<td>SAE30<\/td>\n<\/tr>\n<tr>\n<td>\u00d3leo de caixa de redu\u00e7\u00e3o<\/td>\n<td>\u00d3leo sint\u00e9tico especial Vanse<\/td>\n<\/tr>\n<tr>\n<td>Tanque de \u00e1gua e tanque de combust\u00edvel<\/td>\n<td>20L<\/td>\n<\/tr>\n<tr>\n<td>Modo de controle<\/td>\n<td>Transmiss\u00e3o mec\u00e2nica<\/td>\n<\/tr>\n<\/tbody>\n<\/table>\n","protected":false},"excerpt":{"rendered":"<ul>\n<li>Potente motor Honda GX690, velocidade m\u00e1xima da l\u00e2mina 150 rpm.<\/li>\n<li>Transmiss\u00e3o mec\u00e2nica, controle est\u00e1vel, tanque de combust\u00edvel integrado de 20 L.<\/li>\n<li>Tamanho compacto, peso de 360 \u200b\u200bkg, ideal para acabamento de pisos grandes.<\/li>\n<\/ul>\n","protected":false},"featured_media":6527,"comment_status":"open","ping_status":"closed","template":"","meta":{"site-sidebar-layout":"default","site-content-layout":"","ast-site-content-layout":"default","site-content-style":"default","site-sidebar-style":"default","ast-global-header-display":"","ast-banner-title-visibility":"","ast-main-header-display":"","ast-hfb-above-header-display":"","ast-hfb-below-header-display":"","ast-hfb-mobile-header-display":"","site-post-title":"","ast-breadcrumbs-content":"","ast-featured-img":"","footer-sml-layout":"","theme-transparent-header-meta":"default","adv-header-id-meta":"","stick-header-meta":"","header-above-stick-meta":"","header-main-stick-meta":"","header-below-stick-meta":"","astra-migrate-meta-layouts":"default","ast-page-background-enabled":"default","ast-page-background-meta":{"desktop":{"background-color":"var(--ast-global-color-4)","background-image":"","background-repeat":"repeat","background-position":"center center","background-size":"auto","background-attachment":"scroll","background-type":"","background-media":"","overlay-type":"","overlay-color":"","overlay-opacity":"","overlay-gradient":""},"tablet":{"background-color":"","background-image":"","background-repeat":"repeat","background-position":"center center","background-size":"auto","background-attachment":"scroll","background-type":"","background-media":"","overlay-type":"","overlay-color":"","overlay-opacity":"","overlay-gradient":""},"mobile":{"background-color":"","background-image":"","background-repeat":"repeat","background-position":"center center","background-size":"auto","background-attachment":"scroll","background-type":"","background-media":"","overlay-type":"","overlay-color":"","overlay-opacity":"","overlay-gradient":""}},"ast-content-background-meta":{"desktop":{"background-color":"var(--ast-global-color-5)","background-image":"","background-repeat":"repeat","background-position":"center center","background-size":"auto","background-attachment":"scroll","background-type":"","background-media":"","overlay-type":"","overlay-color":"","overlay-opacity":"","overlay-gradient":""},"tablet":{"background-color":"var(--ast-global-color-5)","background-image":"","background-repeat":"repeat","background-position":"center center","background-size":"auto","background-attachment":"scroll","background-type":"","background-media":"","overlay-type":"","overlay-color":"","overlay-opacity":"","overlay-gradient":""},"mobile":{"background-color":"var(--ast-global-color-5)","background-image":"","background-repeat":"repeat","background-position":"center center","background-size":"auto","background-attachment":"scroll","background-type":"","background-media":"","overlay-type":"","overlay-color":"","overlay-opacity":"","overlay-gradient":""}}},"product_brand":[],"product_cat":[67],"product_tag":[78],"class_list":{"0":"post-6990","1":"product","2":"type-product","3":"status-publish","4":"has-post-thumbnail","6":"product_cat-sem-categoria","7":"product_tag-alisadora-de-concreto-com-operador-embarcado","8":"desktop-align-left","9":"tablet-align-left","10":"mobile-align-left","12":"first","13":"instock","14":"shipping-taxable","15":"product-type-simple"},"yoast_head":"<!-- This site is optimized with the Yoast SEO plugin v26.5 - https:\/\/yoast.com\/wordpress\/plugins\/seo\/ -->\n<title>Alisadora de concreto com operador embarcado VS836 &#8211; Excalibur Generator<\/title>\n<meta name=\"description\" content=\"Alisadora el\u00e9trica VS836 com motor Honda GX690, velocidade de 150 rpm, acionamento mec\u00e2nico e tanque duplo com capacidade de 20 L.\" \/>\n<meta name=\"robots\" content=\"index, follow, max-snippet:-1, max-image-preview:large, max-video-preview:-1\" \/>\n<link rel=\"canonical\" href=\"https:\/\/www.excalibur-generator.com\/pt-br\/alisadora-de-concreto-com-operador-embarcado-vs836\/\" \/>\n<script type=\"application\/ld+json\" class=\"yoast-schema-graph\">{\"@context\":\"https:\/\/schema.org\",\"@graph\":[{\"@type\":\"WebPage\",\"@id\":\"https:\/\/www.excalibur-generator.com\/pt-br\/alisadora-de-concreto-com-operador-embarcado-vs836\/\",\"url\":\"https:\/\/www.excalibur-generator.com\/pt-br\/alisadora-de-concreto-com-operador-embarcado-vs836\/\",\"name\":\"Alisadora de concreto com operador embarcado VS836 &#8211; Excalibur Generator\",\"isPartOf\":{\"@id\":\"https:\/\/www.excalibur-generator.com\/pt-br\/#website\"},\"primaryImageOfPage\":{\"@id\":\"https:\/\/www.excalibur-generator.com\/pt-br\/alisadora-de-concreto-com-operador-embarcado-vs836\/#primaryimage\"},\"image\":{\"@id\":\"https:\/\/www.excalibur-generator.com\/pt-br\/alisadora-de-concreto-com-operador-embarcado-vs836\/#primaryimage\"},\"thumbnailUrl\":\"https:\/\/www.excalibur-generator.com\/wp-content\/uploads\/2025\/06\/VS836-Ride-on-Power-Trowel.jpg\",\"datePublished\":\"2025-06-23T09:07:52+00:00\",\"description\":\"Alisadora el\u00e9trica VS836 com motor Honda GX690, velocidade de 150 rpm, acionamento mec\u00e2nico e tanque duplo com capacidade de 20 L.\",\"breadcrumb\":{\"@id\":\"https:\/\/www.excalibur-generator.com\/pt-br\/alisadora-de-concreto-com-operador-embarcado-vs836\/#breadcrumb\"},\"inLanguage\":\"pt-BR\",\"potentialAction\":[{\"@type\":\"ReadAction\",\"target\":[\"https:\/\/www.excalibur-generator.com\/pt-br\/alisadora-de-concreto-com-operador-embarcado-vs836\/\"]}]},{\"@type\":\"ImageObject\",\"inLanguage\":\"pt-BR\",\"@id\":\"https:\/\/www.excalibur-generator.com\/pt-br\/alisadora-de-concreto-com-operador-embarcado-vs836\/#primaryimage\",\"url\":\"https:\/\/www.excalibur-generator.com\/wp-content\/uploads\/2025\/06\/VS836-Ride-on-Power-Trowel.jpg\",\"contentUrl\":\"https:\/\/www.excalibur-generator.com\/wp-content\/uploads\/2025\/06\/VS836-Ride-on-Power-Trowel.jpg\",\"width\":800,\"height\":800,\"caption\":\"Alisadora el\u00e9trica VS836 com assento\"},{\"@type\":\"BreadcrumbList\",\"@id\":\"https:\/\/www.excalibur-generator.com\/pt-br\/alisadora-de-concreto-com-operador-embarcado-vs836\/#breadcrumb\",\"itemListElement\":[{\"@type\":\"ListItem\",\"position\":1,\"name\":\"Home\",\"item\":\"https:\/\/www.excalibur-generator.com\/pt-br\/\"},{\"@type\":\"ListItem\",\"position\":2,\"name\":\"Produtos\",\"item\":\"https:\/\/www.excalibur-generator.com\/pt-br\/produtos.html\"},{\"@type\":\"ListItem\",\"position\":3,\"name\":\"Alisadora de concreto com operador embarcado VS836\"}]},{\"@type\":\"WebSite\",\"@id\":\"https:\/\/www.excalibur-generator.com\/pt-br\/#website\",\"url\":\"https:\/\/www.excalibur-generator.com\/pt-br\/\",\"name\":\"Excalibur Generator\",\"description\":\"\",\"publisher\":{\"@id\":\"https:\/\/www.excalibur-generator.com\/pt-br\/#organization\"},\"potentialAction\":[{\"@type\":\"SearchAction\",\"target\":{\"@type\":\"EntryPoint\",\"urlTemplate\":\"https:\/\/www.excalibur-generator.com\/pt-br\/?s={search_term_string}\"},\"query-input\":{\"@type\":\"PropertyValueSpecification\",\"valueRequired\":true,\"valueName\":\"search_term_string\"}}],\"inLanguage\":\"pt-BR\"},{\"@type\":\"Organization\",\"@id\":\"https:\/\/www.excalibur-generator.com\/pt-br\/#organization\",\"name\":\"Excalibur Generator\",\"url\":\"https:\/\/www.excalibur-generator.com\/pt-br\/\",\"logo\":{\"@type\":\"ImageObject\",\"inLanguage\":\"pt-BR\",\"@id\":\"https:\/\/www.excalibur-generator.com\/pt-br\/#\/schema\/logo\/image\/\",\"url\":\"https:\/\/www.excalibur-generator.com\/wp-content\/uploads\/2024\/05\/EXCALIBUR.png\",\"contentUrl\":\"https:\/\/www.excalibur-generator.com\/wp-content\/uploads\/2024\/05\/EXCALIBUR.png\",\"width\":350,\"height\":79,\"caption\":\"Excalibur Generator\"},\"image\":{\"@id\":\"https:\/\/www.excalibur-generator.com\/pt-br\/#\/schema\/logo\/image\/\"}}]}<\/script>\n<!-- \/ Yoast SEO plugin. -->","yoast_head_json":{"title":"Alisadora de concreto com operador embarcado VS836 &#8211; Excalibur Generator","description":"Alisadora el\u00e9trica VS836 com motor Honda GX690, velocidade de 150 rpm, acionamento mec\u00e2nico e tanque duplo com capacidade de 20 L.","robots":{"index":"index","follow":"follow","max-snippet":"max-snippet:-1","max-image-preview":"max-image-preview:large","max-video-preview":"max-video-preview:-1"},"canonical":"https:\/\/www.excalibur-generator.com\/pt-br\/alisadora-de-concreto-com-operador-embarcado-vs836\/","schema":{"@context":"https:\/\/schema.org","@graph":[{"@type":"WebPage","@id":"https:\/\/www.excalibur-generator.com\/pt-br\/alisadora-de-concreto-com-operador-embarcado-vs836\/","url":"https:\/\/www.excalibur-generator.com\/pt-br\/alisadora-de-concreto-com-operador-embarcado-vs836\/","name":"Alisadora de concreto com operador embarcado VS836 &#8211; Excalibur Generator","isPartOf":{"@id":"https:\/\/www.excalibur-generator.com\/pt-br\/#website"},"primaryImageOfPage":{"@id":"https:\/\/www.excalibur-generator.com\/pt-br\/alisadora-de-concreto-com-operador-embarcado-vs836\/#primaryimage"},"image":{"@id":"https:\/\/www.excalibur-generator.com\/pt-br\/alisadora-de-concreto-com-operador-embarcado-vs836\/#primaryimage"},"thumbnailUrl":"https:\/\/www.excalibur-generator.com\/wp-content\/uploads\/2025\/06\/VS836-Ride-on-Power-Trowel.jpg","datePublished":"2025-06-23T09:07:52+00:00","description":"Alisadora el\u00e9trica VS836 com motor Honda GX690, velocidade de 150 rpm, acionamento mec\u00e2nico e tanque duplo com capacidade de 20 L.","breadcrumb":{"@id":"https:\/\/www.excalibur-generator.com\/pt-br\/alisadora-de-concreto-com-operador-embarcado-vs836\/#breadcrumb"},"inLanguage":"pt-BR","potentialAction":[{"@type":"ReadAction","target":["https:\/\/www.excalibur-generator.com\/pt-br\/alisadora-de-concreto-com-operador-embarcado-vs836\/"]}]},{"@type":"ImageObject","inLanguage":"pt-BR","@id":"https:\/\/www.excalibur-generator.com\/pt-br\/alisadora-de-concreto-com-operador-embarcado-vs836\/#primaryimage","url":"https:\/\/www.excalibur-generator.com\/wp-content\/uploads\/2025\/06\/VS836-Ride-on-Power-Trowel.jpg","contentUrl":"https:\/\/www.excalibur-generator.com\/wp-content\/uploads\/2025\/06\/VS836-Ride-on-Power-Trowel.jpg","width":800,"height":800,"caption":"Alisadora el\u00e9trica VS836 com assento"},{"@type":"BreadcrumbList","@id":"https:\/\/www.excalibur-generator.com\/pt-br\/alisadora-de-concreto-com-operador-embarcado-vs836\/#breadcrumb","itemListElement":[{"@type":"ListItem","position":1,"name":"Home","item":"https:\/\/www.excalibur-generator.com\/pt-br\/"},{"@type":"ListItem","position":2,"name":"Produtos","item":"https:\/\/www.excalibur-generator.com\/pt-br\/produtos.html"},{"@type":"ListItem","position":3,"name":"Alisadora de concreto com operador embarcado VS836"}]},{"@type":"WebSite","@id":"https:\/\/www.excalibur-generator.com\/pt-br\/#website","url":"https:\/\/www.excalibur-generator.com\/pt-br\/","name":"Excalibur Generator","description":"","publisher":{"@id":"https:\/\/www.excalibur-generator.com\/pt-br\/#organization"},"potentialAction":[{"@type":"SearchAction","target":{"@type":"EntryPoint","urlTemplate":"https:\/\/www.excalibur-generator.com\/pt-br\/?s={search_term_string}"},"query-input":{"@type":"PropertyValueSpecification","valueRequired":true,"valueName":"search_term_string"}}],"inLanguage":"pt-BR"},{"@type":"Organization","@id":"https:\/\/www.excalibur-generator.com\/pt-br\/#organization","name":"Excalibur Generator","url":"https:\/\/www.excalibur-generator.com\/pt-br\/","logo":{"@type":"ImageObject","inLanguage":"pt-BR","@id":"https:\/\/www.excalibur-generator.com\/pt-br\/#\/schema\/logo\/image\/","url":"https:\/\/www.excalibur-generator.com\/wp-content\/uploads\/2024\/05\/EXCALIBUR.png","contentUrl":"https:\/\/www.excalibur-generator.com\/wp-content\/uploads\/2024\/05\/EXCALIBUR.png","width":350,"height":79,"caption":"Excalibur Generator"},"image":{"@id":"https:\/\/www.excalibur-generator.com\/pt-br\/#\/schema\/logo\/image\/"}}]}},"_links":{"self":[{"href":"https:\/\/www.excalibur-generator.com\/pt-br\/wp-json\/wp\/v2\/product\/6990","targetHints":{"allow":["GET"]}}],"collection":[{"href":"https:\/\/www.excalibur-generator.com\/pt-br\/wp-json\/wp\/v2\/product"}],"about":[{"href":"https:\/\/www.excalibur-generator.com\/pt-br\/wp-json\/wp\/v2\/types\/product"}],"replies":[{"embeddable":true,"href":"https:\/\/www.excalibur-generator.com\/pt-br\/wp-json\/wp\/v2\/comments?post=6990"}],"wp:featuredmedia":[{"embeddable":true,"href":"https:\/\/www.excalibur-generator.com\/pt-br\/wp-json\/wp\/v2\/media\/6527"}],"wp:attachment":[{"href":"https:\/\/www.excalibur-generator.com\/pt-br\/wp-json\/wp\/v2\/media?parent=6990"}],"wp:term":[{"taxonomy":"product_brand","embeddable":true,"href":"https:\/\/www.excalibur-generator.com\/pt-br\/wp-json\/wp\/v2\/product_brand?post=6990"},{"taxonomy":"product_cat","embeddable":true,"href":"https:\/\/www.excalibur-generator.com\/pt-br\/wp-json\/wp\/v2\/product_cat?post=6990"},{"taxonomy":"product_tag","embeddable":true,"href":"https:\/\/www.excalibur-generator.com\/pt-br\/wp-json\/wp\/v2\/product_tag?post=6990"}],"curies":[{"name":"wp","href":"https:\/\/api.w.org\/{rel}","templated":true}]}}