{"id":7000,"date":"2025-06-23T14:03:02","date_gmt":"2025-06-23T06:03:02","guid":{"rendered":"https:\/\/www.excalibur-generator.com\/compactador-de-placa-frontal-sc-77\/"},"modified":"2025-06-23T14:03:02","modified_gmt":"2025-06-23T06:03:02","slug":"compactador-de-placa-frontal-sc-77","status":"publish","type":"product","link":"https:\/\/www.excalibur-generator.com\/pt-br\/compactador-de-placa-frontal-sc-77\/","title":{"rendered":"Compactador de placa frontal SC-77"},"content":{"rendered":"<table>\n<tbody>\n<tr>\n<td>Modelo<\/td>\n<td>SC-77<\/td>\n<\/tr>\n<tr>\n<td>Tamanho da placa C*L(mm)<\/td>\n<td>560*370<\/td>\n<\/tr>\n<tr>\n<td>Velocidade de deslocamento (m\/min)<\/td>\n<td>15-20<\/td>\n<\/tr>\n<tr>\n<td>Capacidade de Grau Limitado<\/td>\n<td>20<\/td>\n<\/tr>\n<tr>\n<td>Frequ\u00eancia de vibra\u00e7\u00e3o vpm(Hz)<\/td>\n<td>5600<\/td>\n<\/tr>\n<tr>\n<td>For\u00e7a centr\u00edfuga (KN)<\/td>\n<td>10.5<\/td>\n<\/tr>\n<tr>\n<td>Op\u00e7\u00e3o de modelo de motor<\/td>\n<td>Honda GX160\/Robin EY20\/Lifan 168F<br \/>\nMotor diesel S173F\/Motor el\u00e9trico 2.2kw<\/td>\n<\/tr>\n<tr>\n<td>Sistema de partida<\/td>\n<td>Arrancador de bobina<\/td>\n<\/tr>\n<tr>\n<td>Tamanho da embalagem (C*L*A) mm<\/td>\n<td>850*530*670<\/td>\n<\/tr>\n<tr>\n<td>Peso l\u00edquido (KG)<\/td>\n<td>75<\/td>\n<\/tr>\n<\/tbody>\n<\/table>\n","protected":false},"excerpt":{"rendered":"<ul>\n<li>A placa fina de 560\u00d7370 mm se adapta facilmente aos cantos apertados do local de trabalho.<\/li>\n<li>Fornece for\u00e7a de 10,5 kN com frequ\u00eancia de vibra\u00e7\u00e3o de 5600 Hz.<\/li>\n<li>Suporta motores Honda, Robin, Lifan, diesel ou el\u00e9tricos.<\/li>\n<\/ul>\n","protected":false},"featured_media":6500,"comment_status":"open","ping_status":"closed","template":"","meta":{"site-sidebar-layout":"default","site-content-layout":"","ast-site-content-layout":"default","site-content-style":"default","site-sidebar-style":"default","ast-global-header-display":"","ast-banner-title-visibility":"","ast-main-header-display":"","ast-hfb-above-header-display":"","ast-hfb-below-header-display":"","ast-hfb-mobile-header-display":"","site-post-title":"","ast-breadcrumbs-content":"","ast-featured-img":"","footer-sml-layout":"","theme-transparent-header-meta":"default","adv-header-id-meta":"","stick-header-meta":"","header-above-stick-meta":"","header-main-stick-meta":"","header-below-stick-meta":"","astra-migrate-meta-layouts":"default","ast-page-background-enabled":"default","ast-page-background-meta":{"desktop":{"background-color":"var(--ast-global-color-4)","background-image":"","background-repeat":"repeat","background-position":"center center","background-size":"auto","background-attachment":"scroll","background-type":"","background-media":"","overlay-type":"","overlay-color":"","overlay-opacity":"","overlay-gradient":""},"tablet":{"background-color":"","background-image":"","background-repeat":"repeat","background-position":"center center","background-size":"auto","background-attachment":"scroll","background-type":"","background-media":"","overlay-type":"","overlay-color":"","overlay-opacity":"","overlay-gradient":""},"mobile":{"background-color":"","background-image":"","background-repeat":"repeat","background-position":"center center","background-size":"auto","background-attachment":"scroll","background-type":"","background-media":"","overlay-type":"","overlay-color":"","overlay-opacity":"","overlay-gradient":""}},"ast-content-background-meta":{"desktop":{"background-color":"var(--ast-global-color-5)","background-image":"","background-repeat":"repeat","background-position":"center center","background-size":"auto","background-attachment":"scroll","background-type":"","background-media":"","overlay-type":"","overlay-color":"","overlay-opacity":"","overlay-gradient":""},"tablet":{"background-color":"var(--ast-global-color-5)","background-image":"","background-repeat":"repeat","background-position":"center center","background-size":"auto","background-attachment":"scroll","background-type":"","background-media":"","overlay-type":"","overlay-color":"","overlay-opacity":"","overlay-gradient":""},"mobile":{"background-color":"var(--ast-global-color-5)","background-image":"","background-repeat":"repeat","background-position":"center center","background-size":"auto","background-attachment":"scroll","background-type":"","background-media":"","overlay-type":"","overlay-color":"","overlay-opacity":"","overlay-gradient":""}}},"product_brand":[],"product_cat":[67],"product_tag":[79],"class_list":{"0":"post-7000","1":"product","2":"type-product","3":"status-publish","4":"has-post-thumbnail","6":"product_cat-sem-categoria","7":"product_tag-compactador-de-placa-frontal","8":"desktop-align-left","9":"tablet-align-left","10":"mobile-align-left","12":"first","13":"instock","14":"shipping-taxable","15":"product-type-simple"},"yoast_head":"<!-- This site is optimized with the Yoast SEO plugin v26.5 - https:\/\/yoast.com\/wordpress\/plugins\/seo\/ -->\n<title>Compactador de placa frontal SC-77 &#8211; Excalibur Generator<\/title>\n<meta name=\"description\" content=\"O compactador de placa vibrat\u00f3ria SC-77 fornece for\u00e7a de 10,5 kN, vibra\u00e7\u00e3o de 5600 Hz, compacta placas de 560 x 370 mm e v\u00e1rias op\u00e7\u00f5es de motor.\" \/>\n<meta name=\"robots\" content=\"index, follow, max-snippet:-1, max-image-preview:large, max-video-preview:-1\" \/>\n<link rel=\"canonical\" href=\"https:\/\/www.excalibur-generator.com\/pt-br\/compactador-de-placa-frontal-sc-77\/\" \/>\n<script type=\"application\/ld+json\" class=\"yoast-schema-graph\">{\"@context\":\"https:\/\/schema.org\",\"@graph\":[{\"@type\":\"WebPage\",\"@id\":\"https:\/\/www.excalibur-generator.com\/pt-br\/compactador-de-placa-frontal-sc-77\/\",\"url\":\"https:\/\/www.excalibur-generator.com\/pt-br\/compactador-de-placa-frontal-sc-77\/\",\"name\":\"Compactador de placa frontal SC-77 &#8211; Excalibur Generator\",\"isPartOf\":{\"@id\":\"https:\/\/www.excalibur-generator.com\/pt-br\/#website\"},\"primaryImageOfPage\":{\"@id\":\"https:\/\/www.excalibur-generator.com\/pt-br\/compactador-de-placa-frontal-sc-77\/#primaryimage\"},\"image\":{\"@id\":\"https:\/\/www.excalibur-generator.com\/pt-br\/compactador-de-placa-frontal-sc-77\/#primaryimage\"},\"thumbnailUrl\":\"https:\/\/www.excalibur-generator.com\/wp-content\/uploads\/2025\/06\/SC-77-Single-Direction-Vibratory-Plate-Compactor.jpg\",\"datePublished\":\"2025-06-23T06:03:02+00:00\",\"description\":\"O compactador de placa vibrat\u00f3ria SC-77 fornece for\u00e7a de 10,5 kN, vibra\u00e7\u00e3o de 5600 Hz, compacta placas de 560 x 370 mm e v\u00e1rias op\u00e7\u00f5es de motor.\",\"breadcrumb\":{\"@id\":\"https:\/\/www.excalibur-generator.com\/pt-br\/compactador-de-placa-frontal-sc-77\/#breadcrumb\"},\"inLanguage\":\"pt-BR\",\"potentialAction\":[{\"@type\":\"ReadAction\",\"target\":[\"https:\/\/www.excalibur-generator.com\/pt-br\/compactador-de-placa-frontal-sc-77\/\"]}]},{\"@type\":\"ImageObject\",\"inLanguage\":\"pt-BR\",\"@id\":\"https:\/\/www.excalibur-generator.com\/pt-br\/compactador-de-placa-frontal-sc-77\/#primaryimage\",\"url\":\"https:\/\/www.excalibur-generator.com\/wp-content\/uploads\/2025\/06\/SC-77-Single-Direction-Vibratory-Plate-Compactor.jpg\",\"contentUrl\":\"https:\/\/www.excalibur-generator.com\/wp-content\/uploads\/2025\/06\/SC-77-Single-Direction-Vibratory-Plate-Compactor.jpg\",\"width\":800,\"height\":800,\"caption\":\"Compactador de placa vibrat\u00f3ria de dire\u00e7\u00e3o \u00fanica SC-77\"},{\"@type\":\"BreadcrumbList\",\"@id\":\"https:\/\/www.excalibur-generator.com\/pt-br\/compactador-de-placa-frontal-sc-77\/#breadcrumb\",\"itemListElement\":[{\"@type\":\"ListItem\",\"position\":1,\"name\":\"Home\",\"item\":\"https:\/\/www.excalibur-generator.com\/pt-br\/\"},{\"@type\":\"ListItem\",\"position\":2,\"name\":\"Produtos\",\"item\":\"https:\/\/www.excalibur-generator.com\/pt-br\/produtos.html\"},{\"@type\":\"ListItem\",\"position\":3,\"name\":\"Compactador de placa frontal SC-77\"}]},{\"@type\":\"WebSite\",\"@id\":\"https:\/\/www.excalibur-generator.com\/pt-br\/#website\",\"url\":\"https:\/\/www.excalibur-generator.com\/pt-br\/\",\"name\":\"Excalibur Generator\",\"description\":\"\",\"publisher\":{\"@id\":\"https:\/\/www.excalibur-generator.com\/pt-br\/#organization\"},\"potentialAction\":[{\"@type\":\"SearchAction\",\"target\":{\"@type\":\"EntryPoint\",\"urlTemplate\":\"https:\/\/www.excalibur-generator.com\/pt-br\/?s={search_term_string}\"},\"query-input\":{\"@type\":\"PropertyValueSpecification\",\"valueRequired\":true,\"valueName\":\"search_term_string\"}}],\"inLanguage\":\"pt-BR\"},{\"@type\":\"Organization\",\"@id\":\"https:\/\/www.excalibur-generator.com\/pt-br\/#organization\",\"name\":\"Excalibur Generator\",\"url\":\"https:\/\/www.excalibur-generator.com\/pt-br\/\",\"logo\":{\"@type\":\"ImageObject\",\"inLanguage\":\"pt-BR\",\"@id\":\"https:\/\/www.excalibur-generator.com\/pt-br\/#\/schema\/logo\/image\/\",\"url\":\"https:\/\/www.excalibur-generator.com\/wp-content\/uploads\/2024\/05\/EXCALIBUR.png\",\"contentUrl\":\"https:\/\/www.excalibur-generator.com\/wp-content\/uploads\/2024\/05\/EXCALIBUR.png\",\"width\":350,\"height\":79,\"caption\":\"Excalibur Generator\"},\"image\":{\"@id\":\"https:\/\/www.excalibur-generator.com\/pt-br\/#\/schema\/logo\/image\/\"}}]}<\/script>\n<!-- \/ Yoast SEO plugin. -->","yoast_head_json":{"title":"Compactador de placa frontal SC-77 &#8211; Excalibur Generator","description":"O compactador de placa vibrat\u00f3ria SC-77 fornece for\u00e7a de 10,5 kN, vibra\u00e7\u00e3o de 5600 Hz, compacta placas de 560 x 370 mm e v\u00e1rias op\u00e7\u00f5es de motor.","robots":{"index":"index","follow":"follow","max-snippet":"max-snippet:-1","max-image-preview":"max-image-preview:large","max-video-preview":"max-video-preview:-1"},"canonical":"https:\/\/www.excalibur-generator.com\/pt-br\/compactador-de-placa-frontal-sc-77\/","schema":{"@context":"https:\/\/schema.org","@graph":[{"@type":"WebPage","@id":"https:\/\/www.excalibur-generator.com\/pt-br\/compactador-de-placa-frontal-sc-77\/","url":"https:\/\/www.excalibur-generator.com\/pt-br\/compactador-de-placa-frontal-sc-77\/","name":"Compactador de placa frontal SC-77 &#8211; Excalibur Generator","isPartOf":{"@id":"https:\/\/www.excalibur-generator.com\/pt-br\/#website"},"primaryImageOfPage":{"@id":"https:\/\/www.excalibur-generator.com\/pt-br\/compactador-de-placa-frontal-sc-77\/#primaryimage"},"image":{"@id":"https:\/\/www.excalibur-generator.com\/pt-br\/compactador-de-placa-frontal-sc-77\/#primaryimage"},"thumbnailUrl":"https:\/\/www.excalibur-generator.com\/wp-content\/uploads\/2025\/06\/SC-77-Single-Direction-Vibratory-Plate-Compactor.jpg","datePublished":"2025-06-23T06:03:02+00:00","description":"O compactador de placa vibrat\u00f3ria SC-77 fornece for\u00e7a de 10,5 kN, vibra\u00e7\u00e3o de 5600 Hz, compacta placas de 560 x 370 mm e v\u00e1rias op\u00e7\u00f5es de motor.","breadcrumb":{"@id":"https:\/\/www.excalibur-generator.com\/pt-br\/compactador-de-placa-frontal-sc-77\/#breadcrumb"},"inLanguage":"pt-BR","potentialAction":[{"@type":"ReadAction","target":["https:\/\/www.excalibur-generator.com\/pt-br\/compactador-de-placa-frontal-sc-77\/"]}]},{"@type":"ImageObject","inLanguage":"pt-BR","@id":"https:\/\/www.excalibur-generator.com\/pt-br\/compactador-de-placa-frontal-sc-77\/#primaryimage","url":"https:\/\/www.excalibur-generator.com\/wp-content\/uploads\/2025\/06\/SC-77-Single-Direction-Vibratory-Plate-Compactor.jpg","contentUrl":"https:\/\/www.excalibur-generator.com\/wp-content\/uploads\/2025\/06\/SC-77-Single-Direction-Vibratory-Plate-Compactor.jpg","width":800,"height":800,"caption":"Compactador de placa vibrat\u00f3ria de dire\u00e7\u00e3o \u00fanica SC-77"},{"@type":"BreadcrumbList","@id":"https:\/\/www.excalibur-generator.com\/pt-br\/compactador-de-placa-frontal-sc-77\/#breadcrumb","itemListElement":[{"@type":"ListItem","position":1,"name":"Home","item":"https:\/\/www.excalibur-generator.com\/pt-br\/"},{"@type":"ListItem","position":2,"name":"Produtos","item":"https:\/\/www.excalibur-generator.com\/pt-br\/produtos.html"},{"@type":"ListItem","position":3,"name":"Compactador de placa frontal SC-77"}]},{"@type":"WebSite","@id":"https:\/\/www.excalibur-generator.com\/pt-br\/#website","url":"https:\/\/www.excalibur-generator.com\/pt-br\/","name":"Excalibur Generator","description":"","publisher":{"@id":"https:\/\/www.excalibur-generator.com\/pt-br\/#organization"},"potentialAction":[{"@type":"SearchAction","target":{"@type":"EntryPoint","urlTemplate":"https:\/\/www.excalibur-generator.com\/pt-br\/?s={search_term_string}"},"query-input":{"@type":"PropertyValueSpecification","valueRequired":true,"valueName":"search_term_string"}}],"inLanguage":"pt-BR"},{"@type":"Organization","@id":"https:\/\/www.excalibur-generator.com\/pt-br\/#organization","name":"Excalibur Generator","url":"https:\/\/www.excalibur-generator.com\/pt-br\/","logo":{"@type":"ImageObject","inLanguage":"pt-BR","@id":"https:\/\/www.excalibur-generator.com\/pt-br\/#\/schema\/logo\/image\/","url":"https:\/\/www.excalibur-generator.com\/wp-content\/uploads\/2024\/05\/EXCALIBUR.png","contentUrl":"https:\/\/www.excalibur-generator.com\/wp-content\/uploads\/2024\/05\/EXCALIBUR.png","width":350,"height":79,"caption":"Excalibur Generator"},"image":{"@id":"https:\/\/www.excalibur-generator.com\/pt-br\/#\/schema\/logo\/image\/"}}]}},"_links":{"self":[{"href":"https:\/\/www.excalibur-generator.com\/pt-br\/wp-json\/wp\/v2\/product\/7000","targetHints":{"allow":["GET"]}}],"collection":[{"href":"https:\/\/www.excalibur-generator.com\/pt-br\/wp-json\/wp\/v2\/product"}],"about":[{"href":"https:\/\/www.excalibur-generator.com\/pt-br\/wp-json\/wp\/v2\/types\/product"}],"replies":[{"embeddable":true,"href":"https:\/\/www.excalibur-generator.com\/pt-br\/wp-json\/wp\/v2\/comments?post=7000"}],"wp:featuredmedia":[{"embeddable":true,"href":"https:\/\/www.excalibur-generator.com\/pt-br\/wp-json\/wp\/v2\/media\/6500"}],"wp:attachment":[{"href":"https:\/\/www.excalibur-generator.com\/pt-br\/wp-json\/wp\/v2\/media?parent=7000"}],"wp:term":[{"taxonomy":"product_brand","embeddable":true,"href":"https:\/\/www.excalibur-generator.com\/pt-br\/wp-json\/wp\/v2\/product_brand?post=7000"},{"taxonomy":"product_cat","embeddable":true,"href":"https:\/\/www.excalibur-generator.com\/pt-br\/wp-json\/wp\/v2\/product_cat?post=7000"},{"taxonomy":"product_tag","embeddable":true,"href":"https:\/\/www.excalibur-generator.com\/pt-br\/wp-json\/wp\/v2\/product_tag?post=7000"}],"curies":[{"name":"wp","href":"https:\/\/api.w.org\/{rel}","templated":true}]}}